{"id":9967,"date":"2020-01-30T10:24:34","date_gmt":"2020-01-30T10:28:27","guid":{"rendered":"https:\/\/peekandpack.com\/?post_type=product&#038;p=9967"},"modified":"2021-01-27T16:46:15","modified_gmt":"2021-01-27T16:46:15","slug":"papel-pintado-jungla-de-sian-zeng","status":"publish","type":"product","link":"https:\/\/peekandpack.com\/es\/producto\/papel-pintado-jungla-de-sian-zeng\/","title":{"rendered":"Papel Pintado Jungla de Sian Zeng"},"content":{"rendered":"<p>El Papel Pintado Jungla\u00a0 se reproduce en un lujoso material no tejido. Como resultado, las cualidades tonales en este papel son casi indistinguibles de los papeles pintados a mano. Dise\u00f1ado por Sian Zeng y pintado por Aude Crepin. Esta incre\u00edble colaboraci\u00f3n supone un \u00e9xito para Sian Zeng y da como resulta un bell\u00edsimo Papel.<br \/>\nEntrega a Europa: 4 &#8211; 6\u00a0 d\u00edas h\u00e1biles<\/p>\n<p>TAMA\u00d1O DEL PAPEL PINTADO: W 210cm X H 320 cm \/ W 82.7 \u00abX H 126\u00bb<\/p>\n<p>COMPOSICI\u00d3N POR ROLLO: A B C PANELES DE ANCHO 70 cm X AL 3.2 M<\/p>\n<p>COMPOSICI\u00d3N DEL ROLLO EN PULGADAS: A B C PANELES DE ANCHO 27.6 \u00abX H 126\u00bb<\/p>\n","protected":false},"excerpt":{"rendered":"<p>Papel Pintado Jungla de Sian Zeng<\/p>\n","protected":false},"featured_media":9962,"comment_status":"closed","ping_status":"closed","template":"","meta":[],"tags":[],"product_brand":[],"product_cat":[49,26,96,18,17],"class_list":{"0":"post-9967","1":"product","2":"type-product","3":"status-publish","4":"has-post-thumbnail","6":"product_cat-decotextiles-es","7":"product_cat-minus240","8":"product_cat-papel-pintado","9":"product_cat-peek","10":"product_cat-currentmonth","11":"product_shipping_class-standard-shipping-es","13":"first","14":"instock","15":"taxable","16":"shipping-taxable","17":"purchasable","18":"product-type-variable"},"_links":{"self":[{"href":"https:\/\/peekandpack.com\/es\/wp-json\/wp\/v2\/product\/9967","targetHints":{"allow":["GET"]}}],"collection":[{"href":"https:\/\/peekandpack.com\/es\/wp-json\/wp\/v2\/product"}],"about":[{"href":"https:\/\/peekandpack.com\/es\/wp-json\/wp\/v2\/types\/product"}],"replies":[{"embeddable":true,"href":"https:\/\/peekandpack.com\/es\/wp-json\/wp\/v2\/comments?post=9967"}],"wp:featuredmedia":[{"embeddable":true,"href":"https:\/\/peekandpack.com\/es\/wp-json\/wp\/v2\/media\/9962"}],"wp:attachment":[{"href":"https:\/\/peekandpack.com\/es\/wp-json\/wp\/v2\/media?parent=9967"}],"wp:term":[{"taxonomy":"post_tag","embeddable":true,"href":"https:\/\/peekandpack.com\/es\/wp-json\/wp\/v2\/tags?post=9967"},{"taxonomy":"product_brand","embeddable":true,"href":"https:\/\/peekandpack.com\/es\/wp-json\/wp\/v2\/product_brand?post=9967"},{"taxonomy":"product_cat","embeddable":true,"href":"https:\/\/peekandpack.com\/es\/wp-json\/wp\/v2\/product_cat?post=9967"}],"curies":[{"name":"wp","href":"https:\/\/api.w.org\/{rel}","templated":true}]}}