{"id":9904,"date":"2020-01-14T09:41:07","date_gmt":"2020-01-14T09:50:47","guid":{"rendered":"https:\/\/peekandpack.com\/?post_type=product&#038;p=9904"},"modified":"2021-02-08T13:18:34","modified_gmt":"2021-02-08T13:18:34","slug":"comoda-in2wood","status":"publish","type":"product","link":"https:\/\/peekandpack.com\/es\/producto\/comoda-in2wood\/","title":{"rendered":"C\u00f3moda in2Wood"},"content":{"rendered":"<p>C\u00f3moda de dimensiones peque\u00f1as dise\u00f1o de In2Wood.<\/p>\n<p>Realizada en madera contrachapada de abedul y detalle de aluminio lacado.<\/p>\n<p>Medidas:\u00a0770mm x 870mm x 500mm (WxHxD)<\/p>\n<p>Peso: 58kg.<\/p>\n<p>Colores: Menta, Blanco, Azul, Rosa, Amarillo, Verde y Negro.<\/p>\n<p>Entregas 2 \u00f3 3 semanas<\/p>\n<p>En Peek&amp;Pack nos encanta como mesita de noche o como c\u00f3moda para un cuarto infantil o de beb\u00e9.<\/p>\n","protected":false},"excerpt":{"rendered":"<p>C\u00f3moda In2Wood.<\/p>\n","protected":false},"featured_media":9897,"comment_status":"closed","ping_status":"closed","template":"","meta":[],"tags":[],"product_brand":[],"product_cat":[27,55,18,17],"class_list":{"0":"post-9904","1":"product","2":"type-product","3":"status-publish","4":"has-post-thumbnail","6":"product_cat-plus250","7":"product_cat-mobiliario-infantil","8":"product_cat-peek","9":"product_cat-currentmonth","10":"product_shipping_class-furniture-65-es","12":"first","13":"instock","14":"taxable","15":"shipping-taxable","16":"purchasable","17":"product-type-variable"},"_links":{"self":[{"href":"https:\/\/peekandpack.com\/es\/wp-json\/wp\/v2\/product\/9904","targetHints":{"allow":["GET"]}}],"collection":[{"href":"https:\/\/peekandpack.com\/es\/wp-json\/wp\/v2\/product"}],"about":[{"href":"https:\/\/peekandpack.com\/es\/wp-json\/wp\/v2\/types\/product"}],"replies":[{"embeddable":true,"href":"https:\/\/peekandpack.com\/es\/wp-json\/wp\/v2\/comments?post=9904"}],"wp:featuredmedia":[{"embeddable":true,"href":"https:\/\/peekandpack.com\/es\/wp-json\/wp\/v2\/media\/9897"}],"wp:attachment":[{"href":"https:\/\/peekandpack.com\/es\/wp-json\/wp\/v2\/media?parent=9904"}],"wp:term":[{"taxonomy":"post_tag","embeddable":true,"href":"https:\/\/peekandpack.com\/es\/wp-json\/wp\/v2\/tags?post=9904"},{"taxonomy":"product_brand","embeddable":true,"href":"https:\/\/peekandpack.com\/es\/wp-json\/wp\/v2\/product_brand?post=9904"},{"taxonomy":"product_cat","embeddable":true,"href":"https:\/\/peekandpack.com\/es\/wp-json\/wp\/v2\/product_cat?post=9904"}],"curies":[{"name":"wp","href":"https:\/\/api.w.org\/{rel}","templated":true}]}}