{"id":9793,"date":"2019-10-31T09:54:14","date_gmt":"2019-10-31T09:58:45","guid":{"rendered":"https:\/\/peekandpack.com\/?post_type=product&#038;p=9793"},"modified":"2021-09-07T08:46:36","modified_gmt":"2021-09-07T08:46:36","slug":"colgador-bicho-de-nofred","status":"publish","type":"product","link":"https:\/\/peekandpack.com\/es\/producto\/colgador-bicho-de-nofred\/","title":{"rendered":"Colgador BICHO de NOFRED"},"content":{"rendered":"<p>Este colgador de NOFRED nos podr\u00eda recordar a un insecto o incluso, un \u00e1tomo.\u00a0 Les da a los ni\u00f1os un espacio propio, un gancho para ellos y para sus cosas. El dise\u00f1o escultural y l\u00fadico del gancho de pared permite desarrollar su creatividad, ya que puede transformarse en una\u00a0 criatura viviente similar a un insecto para jugar. El dise\u00f1o est\u00e9tico de Wall Bug hace que sea f\u00e1cil de incorporar en cualquier lugar de la casa y se puede colocar en el pasillo, el ba\u00f1o y la habitaci\u00f3n de los ni\u00f1os.<\/p>\n<p>MEDIDAS \u00d8: 16 x P: 13 cm<br \/>\nMATERIAL Madera de fresno con laca PU mate<br \/>\nINFORMACI\u00d3N Dise\u00f1ada por Anderssen &amp; Voll, fabricada en China<br \/>\nCUIDADO Limpiar con un pa\u00f1o seco o h\u00famedo. No utilice herramientas de limpieza abrasivas.<\/p>\n<p>Entregas en 4 \u00f3 6 d\u00edas.<\/p>\n","protected":false},"excerpt":{"rendered":"<p>Colgador BICHO de NOFRED<\/p>\n","protected":false},"featured_media":9782,"comment_status":"closed","ping_status":"closed","template":"","meta":[],"tags":[],"product_brand":[],"product_cat":[49,25,18,17],"class_list":{"0":"post-9793","1":"product","2":"type-product","3":"status-publish","4":"has-post-thumbnail","6":"product_cat-decotextiles-es","7":"product_cat-minus90","8":"product_cat-peek","9":"product_cat-currentmonth","10":"product_shipping_class-standard-shipping-es","12":"first","13":"instock","14":"taxable","15":"shipping-taxable","16":"purchasable","17":"product-type-variable"},"_links":{"self":[{"href":"https:\/\/peekandpack.com\/es\/wp-json\/wp\/v2\/product\/9793","targetHints":{"allow":["GET"]}}],"collection":[{"href":"https:\/\/peekandpack.com\/es\/wp-json\/wp\/v2\/product"}],"about":[{"href":"https:\/\/peekandpack.com\/es\/wp-json\/wp\/v2\/types\/product"}],"replies":[{"embeddable":true,"href":"https:\/\/peekandpack.com\/es\/wp-json\/wp\/v2\/comments?post=9793"}],"wp:featuredmedia":[{"embeddable":true,"href":"https:\/\/peekandpack.com\/es\/wp-json\/wp\/v2\/media\/9782"}],"wp:attachment":[{"href":"https:\/\/peekandpack.com\/es\/wp-json\/wp\/v2\/media?parent=9793"}],"wp:term":[{"taxonomy":"post_tag","embeddable":true,"href":"https:\/\/peekandpack.com\/es\/wp-json\/wp\/v2\/tags?post=9793"},{"taxonomy":"product_brand","embeddable":true,"href":"https:\/\/peekandpack.com\/es\/wp-json\/wp\/v2\/product_brand?post=9793"},{"taxonomy":"product_cat","embeddable":true,"href":"https:\/\/peekandpack.com\/es\/wp-json\/wp\/v2\/product_cat?post=9793"}],"curies":[{"name":"wp","href":"https:\/\/api.w.org\/{rel}","templated":true}]}}