{"id":9740,"date":"2019-10-16T10:25:04","date_gmt":"2019-10-16T10:28:28","guid":{"rendered":"https:\/\/peekandpack.com\/?post_type=product&#038;p=9740"},"modified":"2023-01-17T18:01:06","modified_gmt":"2023-01-17T18:01:06","slug":"papel-pintado-maracas-de-little-cabari","status":"publish","type":"product","link":"https:\/\/peekandpack.com\/es\/producto\/papel-pintado-maracas-de-little-cabari\/","title":{"rendered":"Papel Pintado Maracas de Little Cabari"},"content":{"rendered":"<p>El ic\u00f3nico papel pintado usado para la Habitaci\u00f3n de las ni\u00f1as de Bea, Con Botas de Agua, ahora disponible en Peek&amp;Pack.<\/p>\n<p>Elegante, atemporal y apto para cualquier zona de la casa.<\/p>\n<p>Caracter\u00edsticas:<br \/>\nRollo de\u00a0 50cm de ancho x10 mts (para cubrir unos 5m2)<br \/>\nRepetici\u00f3n del dibujo: v\u00a012, 38cm h 10cm<br \/>\nPeso: 150gr \/ Sq mts.<br \/>\nComposici\u00f3n: 100% no tejido. (acabado lavable a consultar precio)<br \/>\n\u00cdndice de no incendio: BS1DO (M1)<\/p>\n<p>Colores: Azul, Menta, Rosa empolvado, Lima, Cielo, Beige y Arcilla.<br \/>\nHecho en Francia.<br \/>\nTiempo de entrega: 3-4 semanas<\/p>\n","protected":false},"excerpt":{"rendered":"<p>Papel Pintado Maracas de Little Cabari<\/p>\n","protected":false},"featured_media":9725,"comment_status":"closed","ping_status":"closed","template":"","meta":[],"tags":[],"product_brand":[],"product_cat":[49,26,96,18,17],"class_list":{"0":"post-9740","1":"product","2":"type-product","3":"status-publish","4":"has-post-thumbnail","6":"product_cat-decotextiles-es","7":"product_cat-minus240","8":"product_cat-papel-pintado","9":"product_cat-peek","10":"product_cat-currentmonth","11":"product_shipping_class-standard-shipping-es","13":"first","14":"instock","15":"taxable","16":"shipping-taxable","17":"purchasable","18":"product-type-variable"},"_links":{"self":[{"href":"https:\/\/peekandpack.com\/es\/wp-json\/wp\/v2\/product\/9740","targetHints":{"allow":["GET"]}}],"collection":[{"href":"https:\/\/peekandpack.com\/es\/wp-json\/wp\/v2\/product"}],"about":[{"href":"https:\/\/peekandpack.com\/es\/wp-json\/wp\/v2\/types\/product"}],"replies":[{"embeddable":true,"href":"https:\/\/peekandpack.com\/es\/wp-json\/wp\/v2\/comments?post=9740"}],"wp:featuredmedia":[{"embeddable":true,"href":"https:\/\/peekandpack.com\/es\/wp-json\/wp\/v2\/media\/9725"}],"wp:attachment":[{"href":"https:\/\/peekandpack.com\/es\/wp-json\/wp\/v2\/media?parent=9740"}],"wp:term":[{"taxonomy":"post_tag","embeddable":true,"href":"https:\/\/peekandpack.com\/es\/wp-json\/wp\/v2\/tags?post=9740"},{"taxonomy":"product_brand","embeddable":true,"href":"https:\/\/peekandpack.com\/es\/wp-json\/wp\/v2\/product_brand?post=9740"},{"taxonomy":"product_cat","embeddable":true,"href":"https:\/\/peekandpack.com\/es\/wp-json\/wp\/v2\/product_cat?post=9740"}],"curies":[{"name":"wp","href":"https:\/\/api.w.org\/{rel}","templated":true}]}}