{"id":9693,"date":"2019-09-24T08:23:12","date_gmt":"2019-09-24T08:28:36","guid":{"rendered":"https:\/\/peekandpack.com\/?post_type=product&#038;p=9693"},"modified":"2021-01-27T16:46:19","modified_gmt":"2021-01-27T16:46:19","slug":"banco-raton-de-nofred","status":"publish","type":"product","link":"https:\/\/peekandpack.com\/es\/producto\/banco-raton-de-nofred\/","title":{"rendered":"Banco rat\u00f3n de Nofred"},"content":{"rendered":"<p>El exclusivo Banco rat\u00f3n se convertir\u00e1 en el lugar favorito para los m\u00e1s peque\u00f1os de la casa. Caracterizado por sus formas redondeadas y su dise\u00f1o elegante, el banco est\u00e1 pensado para sentarse de una forma \u00fanica en cualquier lugar de la casa. Es una excelente opci\u00f3n para crear un espacio\u00a0 ideal en el pasillo para los ni\u00f1os que est\u00e1n en movimiento durante el d\u00eda.<\/p>\n<p>Dise\u00f1o dan\u00e9s de Nofred<br \/>\nCrea un espacio para dos, donde adem\u00e1s desarrollen la interacci\u00f3n con otros.<br \/>\nApoye la alegr\u00eda de la uni\u00f3n para su hijo entre las edades de 2 y 5.<br \/>\nEDAD 2-5 a\u00f1os<br \/>\nMEDIDAS W: 87.21 x D: 28 x H: 46.4 cm (altura del asiento: 26.5 cm)<br \/>\nMATERIAL Chapa de roble pintada con laca mate de PU<br \/>\nINFORMACI\u00d3N Dise\u00f1o dan\u00e9s, hecho en Europa<\/p>\n<p>CUIDADO Limpiar con un pa\u00f1o limpio y h\u00famedo. Use jab\u00f3n suave en las marcas rebeldes antes de eliminar el residuo. Evite frotar y productos que contengan amon\u00edaco.<\/p>\n<p>COLORES: Roble, Blanco, Gris y Negro.<\/p>\n<p>ENTREGA: 5\/7 d\u00edas<\/p>\n","protected":false},"excerpt":{"rendered":"<p>Banco Rat\u00f3n de NOFRED<\/p>\n","protected":false},"featured_media":9679,"comment_status":"closed","ping_status":"closed","template":"","meta":[],"tags":[],"product_brand":[],"product_cat":[27,55,18,17],"class_list":{"0":"post-9693","1":"product","2":"type-product","3":"status-publish","4":"has-post-thumbnail","6":"product_cat-plus250","7":"product_cat-mobiliario-infantil","8":"product_cat-peek","9":"product_cat-currentmonth","10":"product_shipping_class-standard-shipping-es","12":"first","13":"instock","14":"taxable","15":"shipping-taxable","16":"purchasable","17":"product-type-variable"},"_links":{"self":[{"href":"https:\/\/peekandpack.com\/es\/wp-json\/wp\/v2\/product\/9693","targetHints":{"allow":["GET"]}}],"collection":[{"href":"https:\/\/peekandpack.com\/es\/wp-json\/wp\/v2\/product"}],"about":[{"href":"https:\/\/peekandpack.com\/es\/wp-json\/wp\/v2\/types\/product"}],"replies":[{"embeddable":true,"href":"https:\/\/peekandpack.com\/es\/wp-json\/wp\/v2\/comments?post=9693"}],"wp:featuredmedia":[{"embeddable":true,"href":"https:\/\/peekandpack.com\/es\/wp-json\/wp\/v2\/media\/9679"}],"wp:attachment":[{"href":"https:\/\/peekandpack.com\/es\/wp-json\/wp\/v2\/media?parent=9693"}],"wp:term":[{"taxonomy":"post_tag","embeddable":true,"href":"https:\/\/peekandpack.com\/es\/wp-json\/wp\/v2\/tags?post=9693"},{"taxonomy":"product_brand","embeddable":true,"href":"https:\/\/peekandpack.com\/es\/wp-json\/wp\/v2\/product_brand?post=9693"},{"taxonomy":"product_cat","embeddable":true,"href":"https:\/\/peekandpack.com\/es\/wp-json\/wp\/v2\/product_cat?post=9693"}],"curies":[{"name":"wp","href":"https:\/\/api.w.org\/{rel}","templated":true}]}}