{"id":9654,"date":"2019-09-09T19:08:24","date_gmt":"2019-09-09T19:11:32","guid":{"rendered":"https:\/\/peekandpack.com\/?post_type=product&#038;p=9654"},"modified":"2023-01-17T17:55:50","modified_gmt":"2023-01-17T17:55:50","slug":"mural-manja-tangy-de-little-cabari","status":"publish","type":"product","link":"https:\/\/peekandpack.com\/es\/producto\/mural-manja-tangy-de-little-cabari\/","title":{"rendered":"Mural Manja Tangy de Little Cabari"},"content":{"rendered":"<p>Incre\u00edble mural a medida dise\u00f1o de Little Cabari. Recrea una selva ideal en la habitaci\u00f3n de los mas peque\u00f1os o incluso, en cualquier espacio de la casa.<\/p>\n<p><span lang=\"fr\">Los murales de Little Cabari <\/span><span lang=\"fr\">tienen 3,30 m de altura y 4,50 m de ancho. Constan de 3 paneles (A-B-C), cada uno de los cuales puede adquirirse por separado. Cada panel consta de 3 tiras de 3,30 m de largo y 50 cm de ancho<\/span><\/p>\n<p><u>Caracter\u00edsticas<\/u>:<br \/>\nImpreso en papel no tejido MAT.<br \/>\nGramaje : 130gr\/Sq mts<br \/>\nPlazo de entrega : 7 d\u00edas laborables<br \/>\nTama\u00f1o de una tira : alto 330cm x ancho 50cm<br \/>\nAncho de un panel : 150cm<br \/>\nDimensiones de la decoraci\u00f3n mural presentada : alto 330cm x ancho 450cm<\/p>\n<p>Plazo de entrega: 3-4 semanas<\/p>\n","protected":false},"excerpt":{"rendered":"<p>Mural a medida de Little Cabari<\/p>\n","protected":false},"featured_media":9651,"comment_status":"closed","ping_status":"closed","template":"","meta":[],"tags":[],"product_brand":[],"product_cat":[49,27,18,17],"class_list":{"0":"post-9654","1":"product","2":"type-product","3":"status-publish","4":"has-post-thumbnail","6":"product_cat-decotextiles-es","7":"product_cat-plus250","8":"product_cat-peek","9":"product_cat-currentmonth","10":"product_shipping_class-standard-shipping-es","12":"first","13":"instock","14":"taxable","15":"shipping-taxable","16":"purchasable","17":"product-type-variable"},"_links":{"self":[{"href":"https:\/\/peekandpack.com\/es\/wp-json\/wp\/v2\/product\/9654","targetHints":{"allow":["GET"]}}],"collection":[{"href":"https:\/\/peekandpack.com\/es\/wp-json\/wp\/v2\/product"}],"about":[{"href":"https:\/\/peekandpack.com\/es\/wp-json\/wp\/v2\/types\/product"}],"replies":[{"embeddable":true,"href":"https:\/\/peekandpack.com\/es\/wp-json\/wp\/v2\/comments?post=9654"}],"wp:featuredmedia":[{"embeddable":true,"href":"https:\/\/peekandpack.com\/es\/wp-json\/wp\/v2\/media\/9651"}],"wp:attachment":[{"href":"https:\/\/peekandpack.com\/es\/wp-json\/wp\/v2\/media?parent=9654"}],"wp:term":[{"taxonomy":"post_tag","embeddable":true,"href":"https:\/\/peekandpack.com\/es\/wp-json\/wp\/v2\/tags?post=9654"},{"taxonomy":"product_brand","embeddable":true,"href":"https:\/\/peekandpack.com\/es\/wp-json\/wp\/v2\/product_brand?post=9654"},{"taxonomy":"product_cat","embeddable":true,"href":"https:\/\/peekandpack.com\/es\/wp-json\/wp\/v2\/product_cat?post=9654"}],"curies":[{"name":"wp","href":"https:\/\/api.w.org\/{rel}","templated":true}]}}