{"id":9598,"date":"2019-08-02T09:22:54","date_gmt":"2019-08-02T09:33:41","guid":{"rendered":"https:\/\/peekandpack.com\/?post_type=product&#038;p=9598"},"modified":"2021-01-27T16:46:20","modified_gmt":"2021-01-27T16:46:20","slug":"silla-raton-de-nofred-6-10-anos","status":"publish","type":"product","link":"https:\/\/peekandpack.com\/es\/producto\/silla-raton-de-nofred-6-10-anos\/","title":{"rendered":"Silla Rat\u00f3n de Nofred 6-10 a\u00f1os"},"content":{"rendered":"<p>Con la ic\u00f3nica silla Mouse de Nofred, su hijo puede obtener su propio espacio de estudio para dibujar, estudiar, como zona de trabajo. La silla est\u00e1 dise\u00f1ada para apoyar el aprendizaje y la creatividad de su hijo cuando comienza la escuela. La naturaleza de nuestro dise\u00f1o de alta calidad lo hace adecuado para la vida cotidiana y sus dise\u00f1os quedan perfectos en cualquier espacio de la casa.<\/p>\n<p>Comb\u00ednalo con la Mesa\u00a0 Mouse para crear un espacio de estudio completo.<br \/>\nLa altura y el tama\u00f1o proporcionan asientos \u00fatiles para ni\u00f1os de 6 a 10 a\u00f1os.<br \/>\nUn espacio funcional de estudio, que puede soportar el uso diario y es f\u00e1cil de limpiar.<br \/>\nEDAD 6-10 a\u00f1os<br \/>\nMEDIDAS W: 48.71 x D: 32.8 x H: 64.3 cm (altura del asiento: 40 cm)<br \/>\nMATERIAL Chapa de roble con laca o pintura mate de PU<br \/>\nPA\u00cdS DE ORIGEN Letonia<br \/>\nCUIDADO F\u00e1cil de limpiar con un pa\u00f1o h\u00famedo. Evite los productos que contengan amoniaco.<\/p>\n<p>Entrega: 2 semanas<\/p>\n","protected":false},"excerpt":{"rendered":"<p>Silla Rat\u00f3n de Nofred<\/p>\n","protected":false},"featured_media":9583,"comment_status":"closed","ping_status":"closed","template":"","meta":[],"tags":[],"product_brand":[],"product_cat":[26,55,18,77,17],"class_list":{"0":"post-9598","1":"product","2":"type-product","3":"status-publish","4":"has-post-thumbnail","6":"product_cat-minus240","7":"product_cat-mobiliario-infantil","8":"product_cat-peek","9":"product_cat-sin-categorizar","10":"product_cat-currentmonth","11":"product_shipping_class-standard-shipping-es","13":"first","14":"instock","15":"taxable","16":"shipping-taxable","17":"purchasable","18":"product-type-variable"},"_links":{"self":[{"href":"https:\/\/peekandpack.com\/es\/wp-json\/wp\/v2\/product\/9598","targetHints":{"allow":["GET"]}}],"collection":[{"href":"https:\/\/peekandpack.com\/es\/wp-json\/wp\/v2\/product"}],"about":[{"href":"https:\/\/peekandpack.com\/es\/wp-json\/wp\/v2\/types\/product"}],"replies":[{"embeddable":true,"href":"https:\/\/peekandpack.com\/es\/wp-json\/wp\/v2\/comments?post=9598"}],"wp:featuredmedia":[{"embeddable":true,"href":"https:\/\/peekandpack.com\/es\/wp-json\/wp\/v2\/media\/9583"}],"wp:attachment":[{"href":"https:\/\/peekandpack.com\/es\/wp-json\/wp\/v2\/media?parent=9598"}],"wp:term":[{"taxonomy":"post_tag","embeddable":true,"href":"https:\/\/peekandpack.com\/es\/wp-json\/wp\/v2\/tags?post=9598"},{"taxonomy":"product_brand","embeddable":true,"href":"https:\/\/peekandpack.com\/es\/wp-json\/wp\/v2\/product_brand?post=9598"},{"taxonomy":"product_cat","embeddable":true,"href":"https:\/\/peekandpack.com\/es\/wp-json\/wp\/v2\/product_cat?post=9598"}],"curies":[{"name":"wp","href":"https:\/\/api.w.org\/{rel}","templated":true}]}}