{"id":9495,"date":"2019-06-12T11:29:21","date_gmt":"2019-06-12T11:32:35","guid":{"rendered":"https:\/\/peekandpack.com\/?post_type=product&#038;p=9495"},"modified":"2022-02-21T10:45:59","modified_gmt":"2022-02-21T10:45:59","slug":"mueble-juguetero-de-oeuf-nyc","status":"publish","type":"product","link":"https:\/\/peekandpack.com\/es\/producto\/mueble-juguetero-de-oeuf-nyc\/","title":{"rendered":"Mueble Juguetero de OEUF NYC"},"content":{"rendered":"<p>The Toy Store es un sistema de almacenamiento innovador con tres niveles de contenedores de almacenamiento, ideal para libros y juguetes. Debido a que los contenedores son muy f\u00e1ciles de acceder, incluso los ni\u00f1os querr\u00e1n ayudar en el momento de la limpieza! Los contenedores se pueden colocar planos o inclinados. Los separadores de bandejas son removibles para que pueda almacenar art\u00edculos de diferentes tama\u00f1os, desde el Lego m\u00e1s peque\u00f1o hasta rompecabezas de gran tama\u00f1o.<br \/>\nRespetuoso con el medio ambiente:<br \/>\nProducido de forma sostenible en Europa en una instalaci\u00f3n certificada FSC<br \/>\nHecho de madera contrachapada de abedul b\u00e1ltico y eco-MDF.<br \/>\nLos acabados son no t\u00f3xicos, a base de agua y libres de riesgos para la salud de VOC<br \/>\nHecho bajo los est\u00e1ndares ambientales europeos.<br \/>\nCertificaci\u00f3n Greenguard Gold<\/p>\n<p>Medidas: Largo\u00a0: 79 cm, Fondo : 48 cm, Altura : 105,5 cm.<\/p>\n<p>Entrega a consultar. (3 &#8211; 4 semanas)<\/p>\n","protected":false},"excerpt":{"rendered":"<p>Mueble Juguetero de OEUF<\/p>\n","protected":false},"featured_media":9490,"comment_status":"closed","ping_status":"closed","template":"","meta":[],"tags":[],"product_brand":[],"product_cat":[51,27,55,18,17],"class_list":{"0":"post-9495","1":"product","2":"type-product","3":"status-publish","4":"has-post-thumbnail","6":"product_cat-juguetes-originales","7":"product_cat-plus250","8":"product_cat-mobiliario-infantil","9":"product_cat-peek","10":"product_cat-currentmonth","11":"product_shipping_class-furniture-65-es","13":"first","14":"instock","15":"taxable","16":"shipping-taxable","17":"purchasable","18":"product-type-simple"},"_links":{"self":[{"href":"https:\/\/peekandpack.com\/es\/wp-json\/wp\/v2\/product\/9495","targetHints":{"allow":["GET"]}}],"collection":[{"href":"https:\/\/peekandpack.com\/es\/wp-json\/wp\/v2\/product"}],"about":[{"href":"https:\/\/peekandpack.com\/es\/wp-json\/wp\/v2\/types\/product"}],"replies":[{"embeddable":true,"href":"https:\/\/peekandpack.com\/es\/wp-json\/wp\/v2\/comments?post=9495"}],"wp:featuredmedia":[{"embeddable":true,"href":"https:\/\/peekandpack.com\/es\/wp-json\/wp\/v2\/media\/9490"}],"wp:attachment":[{"href":"https:\/\/peekandpack.com\/es\/wp-json\/wp\/v2\/media?parent=9495"}],"wp:term":[{"taxonomy":"post_tag","embeddable":true,"href":"https:\/\/peekandpack.com\/es\/wp-json\/wp\/v2\/tags?post=9495"},{"taxonomy":"product_brand","embeddable":true,"href":"https:\/\/peekandpack.com\/es\/wp-json\/wp\/v2\/product_brand?post=9495"},{"taxonomy":"product_cat","embeddable":true,"href":"https:\/\/peekandpack.com\/es\/wp-json\/wp\/v2\/product_cat?post=9495"}],"curies":[{"name":"wp","href":"https:\/\/api.w.org\/{rel}","templated":true}]}}