{"id":9477,"date":"2019-06-06T11:57:36","date_gmt":"2019-06-06T12:04:07","guid":{"rendered":"https:\/\/peekandpack.com\/?post_type=product&#038;p=9477"},"modified":"2021-01-27T16:46:24","modified_gmt":"2021-01-27T16:46:24","slug":"papel-pintado-raphaelle-de-mues-design","status":"publish","type":"product","link":"https:\/\/peekandpack.com\/es\/producto\/papel-pintado-raphaelle-de-mues-design\/","title":{"rendered":"Papel Pintado Raphaelle de Mues Design"},"content":{"rendered":"<p>Papel Pintado por paneles de 60cm de ancho por 280cm de altura.<\/p>\n<p>Dise\u00f1o de Mues design, su significado se resume en fragilidad, enso\u00f1aci\u00f3n y espontaneidad. Un paisaje rodeado de rabanitos.<\/p>\n<p>Caracter\u00edsticas:<\/p>\n<p>-Tipo de papel: papel tapiz no tejido<br \/>\n&#8211; Paneles de 60 cm de ancho y 280cm de altura<\/p>\n<p>&#8211; Grosor del papel: 147gr<br \/>\n&#8211;\u00a0 Aspecto: dise\u00f1o papel ligeramente tejido<br \/>\n&#8211;\u00a0 Normas: cumplimiento de est\u00e1ndares de salud y medioambientales<br \/>\n&#8211;\u00a0 Soluci\u00f3n adecuada para ni\u00f1os y lugares p\u00fablicos<br \/>\n&#8211;\u00a0 Papel pintado lavable<br \/>\n&#8211;\u00a0 Hecho en Francia<\/p>\n<p>Tiempo de entrega: 2\/3 semanas<\/p>\n","protected":false},"excerpt":{"rendered":"<p>Papel Pintado Raphaelle de Mues Design<\/p>\n","protected":false},"featured_media":9474,"comment_status":"closed","ping_status":"closed","template":"","meta":[],"tags":[],"product_brand":[],"product_cat":[49,25,96,18,17],"class_list":{"0":"post-9477","1":"product","2":"type-product","3":"status-publish","4":"has-post-thumbnail","6":"product_cat-decotextiles-es","7":"product_cat-minus90","8":"product_cat-papel-pintado","9":"product_cat-peek","10":"product_cat-currentmonth","11":"product_shipping_class-standard-shipping-es","13":"first","14":"instock","15":"taxable","16":"shipping-taxable","17":"purchasable","18":"product-type-simple"},"_links":{"self":[{"href":"https:\/\/peekandpack.com\/es\/wp-json\/wp\/v2\/product\/9477","targetHints":{"allow":["GET"]}}],"collection":[{"href":"https:\/\/peekandpack.com\/es\/wp-json\/wp\/v2\/product"}],"about":[{"href":"https:\/\/peekandpack.com\/es\/wp-json\/wp\/v2\/types\/product"}],"replies":[{"embeddable":true,"href":"https:\/\/peekandpack.com\/es\/wp-json\/wp\/v2\/comments?post=9477"}],"wp:featuredmedia":[{"embeddable":true,"href":"https:\/\/peekandpack.com\/es\/wp-json\/wp\/v2\/media\/9474"}],"wp:attachment":[{"href":"https:\/\/peekandpack.com\/es\/wp-json\/wp\/v2\/media?parent=9477"}],"wp:term":[{"taxonomy":"post_tag","embeddable":true,"href":"https:\/\/peekandpack.com\/es\/wp-json\/wp\/v2\/tags?post=9477"},{"taxonomy":"product_brand","embeddable":true,"href":"https:\/\/peekandpack.com\/es\/wp-json\/wp\/v2\/product_brand?post=9477"},{"taxonomy":"product_cat","embeddable":true,"href":"https:\/\/peekandpack.com\/es\/wp-json\/wp\/v2\/product_cat?post=9477"}],"curies":[{"name":"wp","href":"https:\/\/api.w.org\/{rel}","templated":true}]}}