{"id":9272,"date":"2019-04-06T17:32:46","date_gmt":"2019-04-06T17:39:39","guid":{"rendered":"https:\/\/peekandpack.com\/?post_type=product&#038;p=9272"},"modified":"2021-01-27T16:46:28","modified_gmt":"2021-01-27T16:46:28","slug":"balda-cbda-en-acrilico-de-peekpack","status":"publish","type":"product","link":"https:\/\/peekandpack.com\/es\/producto\/balda-cbda-en-acrilico-de-peekpack\/","title":{"rendered":"BALDA CBDA EN ACR\u00cdLICO DE PEEK&#038;PACK"},"content":{"rendered":"<p>Balda para libros realizada en Espa\u00f1a en acr\u00edlico transparente de alta calidad.<\/p>\n<p>Beatriz Gaspar de CBDA nos pidi\u00f3 una balda para que sus hijas tuvieran sus libros favoritos a mano en la litera y nosotros lo hicimos posible!<\/p>\n<p>Por fin han llegado a Peek&amp;Pack y el acr\u00edlico transparente ha sido la soluci\u00f3n.<\/p>\n<p>Ligera, pr\u00e1ctica y muy, muy bonita vista con sus libros.<\/p>\n<p>Medidas: 70 x 10 x 22cm (se apoya en el borde de la litera, lateral o frontal. V\u00e1lida para nuestras literas <a href=\"https:\/\/peekandpack.com\/es\/product\/litera-dos-camas-hom\/\">HOME2<\/a> y <a href=\"https:\/\/peekandpack.com\/es\/product\/un-espacio-para-estar-bien-y-dormir-mejor\/\">HOME3<\/a> de BeanHome, y para la <a href=\"https:\/\/peekandpack.com\/es\/product\/litera-muebles-infantiles-decoracion-habitacion-ninos\/\">Litera OEUF<\/a> .<\/p>\n<p>Bajo pedido.<\/p>\n<p>Entrega en 1\/2 semanas<\/p>\n<p>Fabricada en Espa\u00f1a.<\/p>\n","protected":false},"excerpt":{"rendered":"<p>Balda CBDA en acrilico de Peek&amp;Pack<\/p>\n","protected":false},"featured_media":9263,"comment_status":"closed","ping_status":"closed","template":"","meta":[],"tags":[],"product_brand":[],"product_cat":[26,55,18,17],"class_list":{"0":"post-9272","1":"product","2":"type-product","3":"status-publish","4":"has-post-thumbnail","6":"product_cat-minus240","7":"product_cat-mobiliario-infantil","8":"product_cat-peek","9":"product_cat-currentmonth","10":"product_shipping_class-furniture-es","12":"first","13":"instock","14":"taxable","15":"shipping-taxable","16":"purchasable","17":"product-type-simple"},"_links":{"self":[{"href":"https:\/\/peekandpack.com\/es\/wp-json\/wp\/v2\/product\/9272","targetHints":{"allow":["GET"]}}],"collection":[{"href":"https:\/\/peekandpack.com\/es\/wp-json\/wp\/v2\/product"}],"about":[{"href":"https:\/\/peekandpack.com\/es\/wp-json\/wp\/v2\/types\/product"}],"replies":[{"embeddable":true,"href":"https:\/\/peekandpack.com\/es\/wp-json\/wp\/v2\/comments?post=9272"}],"wp:featuredmedia":[{"embeddable":true,"href":"https:\/\/peekandpack.com\/es\/wp-json\/wp\/v2\/media\/9263"}],"wp:attachment":[{"href":"https:\/\/peekandpack.com\/es\/wp-json\/wp\/v2\/media?parent=9272"}],"wp:term":[{"taxonomy":"post_tag","embeddable":true,"href":"https:\/\/peekandpack.com\/es\/wp-json\/wp\/v2\/tags?post=9272"},{"taxonomy":"product_brand","embeddable":true,"href":"https:\/\/peekandpack.com\/es\/wp-json\/wp\/v2\/product_brand?post=9272"},{"taxonomy":"product_cat","embeddable":true,"href":"https:\/\/peekandpack.com\/es\/wp-json\/wp\/v2\/product_cat?post=9272"}],"curies":[{"name":"wp","href":"https:\/\/api.w.org\/{rel}","templated":true}]}}