{"id":9250,"date":"2019-03-27T13:20:13","date_gmt":"2019-03-27T13:17:23","guid":{"rendered":"https:\/\/peekandpack.com\/?post_type=product&#038;p=9250"},"modified":"2021-01-27T16:46:29","modified_gmt":"2021-01-27T16:46:29","slug":"cama-sparrow-de-oeuf-nyc","status":"publish","type":"product","link":"https:\/\/peekandpack.com\/es\/producto\/cama-sparrow-de-oeuf-nyc\/","title":{"rendered":"Cama Sparrow de OEUF NYC"},"content":{"rendered":"<p>Dise\u00f1o de cama de OEUF NYC y realizada a mano en Europa.<\/p>\n<p>Las l\u00edneas limpias, el color sutil y el estilo moderno aseguran que su hijo nunca se cansar\u00e1 de esta cama. Menos mal que est\u00e1 hecha para durar!<\/p>\n<p>Materiales : Madera de abedul<\/p>\n<p>Composici\u00f3n : esmalte a base de agua<\/p>\n<p>Color : Blanco, Natural<\/p>\n<p>Medidas:\u00a0 A. 94,4 cm, L . 220 cm, Altura : 83,8 cm.<\/p>\n<p>Para un colch\u00f3n de: 90 x 200 cm. (no incluido)<\/p>\n<p>Peso : 39 kg<\/p>\n<p>Peso m\u00e1ximo autorizado : 100 kg<\/p>\n<p>Gastos de env\u00edo y montaje no incluidos, a consultar.<\/p>\n<p>Plazo de entrega: a consultar (unas 2\/3 semanas)<\/p>\n<p>&nbsp;<\/p>\n","protected":false},"excerpt":{"rendered":"<p>Cama Sparrow de OEUF NYC<\/p>\n","protected":false},"featured_media":9241,"comment_status":"closed","ping_status":"closed","template":"","meta":[],"tags":[],"product_brand":[],"product_cat":[27,55,18,17],"class_list":{"0":"post-9250","1":"product","2":"type-product","3":"status-publish","4":"has-post-thumbnail","6":"product_cat-plus250","7":"product_cat-mobiliario-infantil","8":"product_cat-peek","9":"product_cat-currentmonth","10":"product_shipping_class-furniture-100-es","12":"first","13":"instock","14":"taxable","15":"shipping-taxable","16":"purchasable","17":"product-type-variable"},"_links":{"self":[{"href":"https:\/\/peekandpack.com\/es\/wp-json\/wp\/v2\/product\/9250","targetHints":{"allow":["GET"]}}],"collection":[{"href":"https:\/\/peekandpack.com\/es\/wp-json\/wp\/v2\/product"}],"about":[{"href":"https:\/\/peekandpack.com\/es\/wp-json\/wp\/v2\/types\/product"}],"replies":[{"embeddable":true,"href":"https:\/\/peekandpack.com\/es\/wp-json\/wp\/v2\/comments?post=9250"}],"wp:featuredmedia":[{"embeddable":true,"href":"https:\/\/peekandpack.com\/es\/wp-json\/wp\/v2\/media\/9241"}],"wp:attachment":[{"href":"https:\/\/peekandpack.com\/es\/wp-json\/wp\/v2\/media?parent=9250"}],"wp:term":[{"taxonomy":"post_tag","embeddable":true,"href":"https:\/\/peekandpack.com\/es\/wp-json\/wp\/v2\/tags?post=9250"},{"taxonomy":"product_brand","embeddable":true,"href":"https:\/\/peekandpack.com\/es\/wp-json\/wp\/v2\/product_brand?post=9250"},{"taxonomy":"product_cat","embeddable":true,"href":"https:\/\/peekandpack.com\/es\/wp-json\/wp\/v2\/product_cat?post=9250"}],"curies":[{"name":"wp","href":"https:\/\/api.w.org\/{rel}","templated":true}]}}