{"id":9171,"date":"2019-03-05T10:15:41","date_gmt":"2019-03-05T10:23:59","guid":{"rendered":"https:\/\/peekandpack.com\/?post_type=product&#038;p=9171"},"modified":"2021-01-27T16:46:30","modified_gmt":"2021-01-27T16:46:30","slug":"carrusel-de-juguete-4-cajas-in2wood","status":"publish","type":"product","link":"https:\/\/peekandpack.com\/es\/producto\/carrusel-de-juguete-4-cajas-in2wood\/","title":{"rendered":"Carrusel de Juguete 4 cajas In2Wood"},"content":{"rendered":"<p>Esta nueva pieza dise\u00f1o de In2Wood se llama Toy Carousel (Carrusel de Juguete) y combina un dise\u00f1o \u00fanico pr\u00e1ctico.<\/p>\n<p>Un sistema de almacenamiento innovador con 3 cajas\u00a0 que giran como un carrusel, 360 grados. Las cajas de almacenamiento hechas de contrachapado de abedul son de f\u00e1cil acceso, incluso los ni\u00f1os se divertir\u00e1n limpiando sus juguetes. El carrusel de juguete es s\u00f3lido y tiene una construcci\u00f3n estable hecha de acero lacado.<br \/>\nMateriales: madera contrachapada de abedul lacado mate y acero.<br \/>\nTama\u00f1os: 280 mm x 930 mm x 380 mm (WxHxD)<br \/>\nCajas: 2 x 280mm x 295mm x 380 and 2 x 280mm x 140mm x 380 mm (WxHxD)<br \/>\nMantenimiento: limpiar con suave humedad.<br \/>\nGrupo de edad: 2 a 99 a\u00f1os.<br \/>\nPeso: 27 kg.<\/p>\n<p>Entrega en 3\/4 semanas.<\/p>\n<p>Incluido gastos de env\u00edo en Espa\u00f1a.<\/p>\n","protected":false},"excerpt":{"rendered":"<p>Toy Carousel In2Wood<\/p>\n","protected":false},"featured_media":9168,"comment_status":"closed","ping_status":"closed","template":"","meta":[],"tags":[],"product_brand":[],"product_cat":[27,55,18,17],"class_list":{"0":"post-9171","1":"product","2":"type-product","3":"status-publish","4":"has-post-thumbnail","6":"product_cat-plus250","7":"product_cat-mobiliario-infantil","8":"product_cat-peek","9":"product_cat-currentmonth","10":"product_shipping_class-furniture-65-es","12":"first","13":"instock","14":"taxable","15":"shipping-taxable","16":"purchasable","17":"product-type-simple"},"_links":{"self":[{"href":"https:\/\/peekandpack.com\/es\/wp-json\/wp\/v2\/product\/9171","targetHints":{"allow":["GET"]}}],"collection":[{"href":"https:\/\/peekandpack.com\/es\/wp-json\/wp\/v2\/product"}],"about":[{"href":"https:\/\/peekandpack.com\/es\/wp-json\/wp\/v2\/types\/product"}],"replies":[{"embeddable":true,"href":"https:\/\/peekandpack.com\/es\/wp-json\/wp\/v2\/comments?post=9171"}],"wp:featuredmedia":[{"embeddable":true,"href":"https:\/\/peekandpack.com\/es\/wp-json\/wp\/v2\/media\/9168"}],"wp:attachment":[{"href":"https:\/\/peekandpack.com\/es\/wp-json\/wp\/v2\/media?parent=9171"}],"wp:term":[{"taxonomy":"post_tag","embeddable":true,"href":"https:\/\/peekandpack.com\/es\/wp-json\/wp\/v2\/tags?post=9171"},{"taxonomy":"product_brand","embeddable":true,"href":"https:\/\/peekandpack.com\/es\/wp-json\/wp\/v2\/product_brand?post=9171"},{"taxonomy":"product_cat","embeddable":true,"href":"https:\/\/peekandpack.com\/es\/wp-json\/wp\/v2\/product_cat?post=9171"}],"curies":[{"name":"wp","href":"https:\/\/api.w.org\/{rel}","templated":true}]}}