{"id":9082,"date":"2019-01-29T11:53:49","date_gmt":"2019-01-29T12:08:06","guid":{"rendered":"https:\/\/peekandpack.com\/?post_type=product&#038;p=9082"},"modified":"2021-01-27T16:46:32","modified_gmt":"2021-01-27T16:46:32","slug":"silla-magic-large","status":"publish","type":"product","link":"https:\/\/peekandpack.com\/es\/producto\/silla-magic-large\/","title":{"rendered":"Silla Magic Large"},"content":{"rendered":"<p>Silla de ni\u00f1os dise\u00f1o de In2Wood redise\u00f1ados desde la nostalgia de las sillas cl\u00e1sicas. V\u00e1lido aproximadamente desde los 5 a\u00f1os hasta los 10 a\u00f1os del ni\u00f1o.<\/p>\n<p>Realizado en madera de abedul y aluminio de colores (Azul, Rosa, Amarillo, Blanco y Menta.<\/p>\n<p>Bajo Pedido.<\/p>\n<p>Entrega: 1\/2 semanas (portes ya inclu\u00eddos)<\/p>\n<p>Materiales: contrachapado de abedul y aluminio<br \/>\nMedidas: 340mm x 645mm x 285mm (WxHxD)Altura del asiento: 38cm<\/p>\n<p>Mantenimiento: Limpiar con un pa\u00f1o h\u00famedo.<br \/>\nPeso: 2,6kg<\/p>\n","protected":false},"excerpt":{"rendered":"<p>Silla Magic In2Wood<\/p>\n","protected":false},"featured_media":9071,"comment_status":"closed","ping_status":"closed","template":"","meta":[],"tags":[],"product_brand":[],"product_cat":[26,55,18,17],"class_list":{"0":"post-9082","1":"product","2":"type-product","3":"status-publish","4":"has-post-thumbnail","6":"product_cat-minus240","7":"product_cat-mobiliario-infantil","8":"product_cat-peek","9":"product_cat-currentmonth","10":"product_shipping_class-furniture-es","12":"first","13":"instock","14":"taxable","15":"shipping-taxable","16":"purchasable","17":"product-type-variable"},"_links":{"self":[{"href":"https:\/\/peekandpack.com\/es\/wp-json\/wp\/v2\/product\/9082","targetHints":{"allow":["GET"]}}],"collection":[{"href":"https:\/\/peekandpack.com\/es\/wp-json\/wp\/v2\/product"}],"about":[{"href":"https:\/\/peekandpack.com\/es\/wp-json\/wp\/v2\/types\/product"}],"replies":[{"embeddable":true,"href":"https:\/\/peekandpack.com\/es\/wp-json\/wp\/v2\/comments?post=9082"}],"wp:featuredmedia":[{"embeddable":true,"href":"https:\/\/peekandpack.com\/es\/wp-json\/wp\/v2\/media\/9071"}],"wp:attachment":[{"href":"https:\/\/peekandpack.com\/es\/wp-json\/wp\/v2\/media?parent=9082"}],"wp:term":[{"taxonomy":"post_tag","embeddable":true,"href":"https:\/\/peekandpack.com\/es\/wp-json\/wp\/v2\/tags?post=9082"},{"taxonomy":"product_brand","embeddable":true,"href":"https:\/\/peekandpack.com\/es\/wp-json\/wp\/v2\/product_brand?post=9082"},{"taxonomy":"product_cat","embeddable":true,"href":"https:\/\/peekandpack.com\/es\/wp-json\/wp\/v2\/product_cat?post=9082"}],"curies":[{"name":"wp","href":"https:\/\/api.w.org\/{rel}","templated":true}]}}