{"id":9055,"date":"2019-01-15T11:28:16","date_gmt":"2019-01-15T11:31:48","guid":{"rendered":"https:\/\/peekandpack.com\/?post_type=product&#038;p=9055"},"modified":"2021-01-27T16:46:33","modified_gmt":"2021-01-27T16:46:33","slug":"moth-xl-lampara-de-papel-pantalla-degrade","status":"publish","type":"product","link":"https:\/\/peekandpack.com\/es\/producto\/moth-xl-lampara-de-papel-pantalla-degrade\/","title":{"rendered":"Moth Xl L\u00e1mpara de papel pantalla degrad\u00e9"},"content":{"rendered":"<p>L\u00e1mparas infantiles de papel Moth para habitaci\u00f3n beb\u00e9s<\/p>\n<p>La L\u00e1mpara Moth, dise\u00f1o exclusivo del Studio Snowpuppe, est\u00e1 realizada en un papel s\u00faper resistente, doblado con la m\u00e1xima precisi\u00f3n y en colores degradados. .<\/p>\n<p>Cada uno de sus pliegues es un juego diferente de luz y desde Peek&amp;Pack sabemos que quedar\u00e1 perfecta no solo en espacios infantiles, sino que cualquier ambiente es perfecto para Moth (Ttraducci\u00f3n: polilla). Os recomendamos jugar a mezclar varias en diferentes colores.<br \/>\nLa luz que desprende es suave y acogedora y se deben usar \u00a0bombillas LED o de bajo consumo.<\/p>\n<p>Dimensiones:<br \/>\n-40 cm \/ 15,8 inch altura.<br \/>\n-40 cm \/ 15,8 inch di\u00e1metro.<\/p>\n<p>Cable \u2013 cuerda: amarillo, arena o rosa (3 metros) Incluye tu elecci\u00f3n al hacer el pedido en Observaciones<\/p>\n<p>Env\u00edo: 8\/10 d\u00edas<\/p>\n","protected":false},"excerpt":{"rendered":"<p>L\u00e1mpara Moth origami Degrad\u00e9<\/p>\n","protected":false},"featured_media":9045,"comment_status":"closed","ping_status":"closed","template":"","meta":[],"tags":[],"product_brand":[],"product_cat":[50,26,18,17],"class_list":{"0":"post-9055","1":"product","2":"type-product","3":"status-publish","4":"has-post-thumbnail","6":"product_cat-lamparas-infantiles","7":"product_cat-minus240","8":"product_cat-peek","9":"product_cat-currentmonth","10":"product_shipping_class-standard-shipping-es","12":"first","13":"instock","14":"taxable","15":"shipping-taxable","16":"purchasable","17":"product-type-variable"},"_links":{"self":[{"href":"https:\/\/peekandpack.com\/es\/wp-json\/wp\/v2\/product\/9055","targetHints":{"allow":["GET"]}}],"collection":[{"href":"https:\/\/peekandpack.com\/es\/wp-json\/wp\/v2\/product"}],"about":[{"href":"https:\/\/peekandpack.com\/es\/wp-json\/wp\/v2\/types\/product"}],"replies":[{"embeddable":true,"href":"https:\/\/peekandpack.com\/es\/wp-json\/wp\/v2\/comments?post=9055"}],"wp:featuredmedia":[{"embeddable":true,"href":"https:\/\/peekandpack.com\/es\/wp-json\/wp\/v2\/media\/9045"}],"wp:attachment":[{"href":"https:\/\/peekandpack.com\/es\/wp-json\/wp\/v2\/media?parent=9055"}],"wp:term":[{"taxonomy":"post_tag","embeddable":true,"href":"https:\/\/peekandpack.com\/es\/wp-json\/wp\/v2\/tags?post=9055"},{"taxonomy":"product_brand","embeddable":true,"href":"https:\/\/peekandpack.com\/es\/wp-json\/wp\/v2\/product_brand?post=9055"},{"taxonomy":"product_cat","embeddable":true,"href":"https:\/\/peekandpack.com\/es\/wp-json\/wp\/v2\/product_cat?post=9055"}],"curies":[{"name":"wp","href":"https:\/\/api.w.org\/{rel}","templated":true}]}}