{"id":8972,"date":"2018-10-31T14:00:45","date_gmt":"2018-10-31T14:03:22","guid":{"rendered":"https:\/\/peekandpack.com\/?post_type=product&#038;p=8972"},"modified":"2021-01-27T16:46:34","modified_gmt":"2021-01-27T16:46:34","slug":"proteccion-de-seguridad-para-camas-oeuf-nyc","status":"publish","type":"product","link":"https:\/\/peekandpack.com\/es\/producto\/proteccion-de-seguridad-para-camas-oeuf-nyc\/","title":{"rendered":"Protecci\u00f3n de seguridad para Camas OEUF NYC"},"content":{"rendered":"<p>Este riel de seguridad es un complemento\u00a0 \u00fatil a las camas River Twin, la litera Perch o la cama\u00a0 Sparrow de OEUF NYC. La barandilla proporciona protecci\u00f3n contra las ca\u00eddas nocturnas, lo que permite que un ni\u00f1o m\u00e1s peque\u00f1o pase de la cuna a una cama individual.<\/p>\n<p>Medidas: 38 x 76 cm<\/p>\n<p>Entrega en 8\/10 d\u00edas (consultar stock)<\/p>\n","protected":false},"excerpt":{"rendered":"<p>Protecci\u00f3n Camas OEUF NYC<\/p>\n","protected":false},"featured_media":8969,"comment_status":"closed","ping_status":"closed","template":"","meta":[],"tags":[],"product_brand":[],"product_cat":[26,55,18,17],"class_list":{"0":"post-8972","1":"product","2":"type-product","3":"status-publish","4":"has-post-thumbnail","6":"product_cat-minus240","7":"product_cat-mobiliario-infantil","8":"product_cat-peek","9":"product_cat-currentmonth","10":"product_shipping_class-furniture-es","12":"first","13":"instock","14":"taxable","15":"shipping-taxable","16":"purchasable","17":"product-type-simple"},"_links":{"self":[{"href":"https:\/\/peekandpack.com\/es\/wp-json\/wp\/v2\/product\/8972","targetHints":{"allow":["GET"]}}],"collection":[{"href":"https:\/\/peekandpack.com\/es\/wp-json\/wp\/v2\/product"}],"about":[{"href":"https:\/\/peekandpack.com\/es\/wp-json\/wp\/v2\/types\/product"}],"replies":[{"embeddable":true,"href":"https:\/\/peekandpack.com\/es\/wp-json\/wp\/v2\/comments?post=8972"}],"wp:featuredmedia":[{"embeddable":true,"href":"https:\/\/peekandpack.com\/es\/wp-json\/wp\/v2\/media\/8969"}],"wp:attachment":[{"href":"https:\/\/peekandpack.com\/es\/wp-json\/wp\/v2\/media?parent=8972"}],"wp:term":[{"taxonomy":"post_tag","embeddable":true,"href":"https:\/\/peekandpack.com\/es\/wp-json\/wp\/v2\/tags?post=8972"},{"taxonomy":"product_brand","embeddable":true,"href":"https:\/\/peekandpack.com\/es\/wp-json\/wp\/v2\/product_brand?post=8972"},{"taxonomy":"product_cat","embeddable":true,"href":"https:\/\/peekandpack.com\/es\/wp-json\/wp\/v2\/product_cat?post=8972"}],"curies":[{"name":"wp","href":"https:\/\/api.w.org\/{rel}","templated":true}]}}