{"id":8963,"date":"2018-10-31T13:45:42","date_gmt":"2018-10-31T13:48:23","guid":{"rendered":"https:\/\/peekandpack.com\/?post_type=product&#038;p=8963"},"modified":"2021-01-27T16:46:34","modified_gmt":"2021-01-27T16:46:34","slug":"silla-raton-ninos-nofred","status":"publish","type":"product","link":"https:\/\/peekandpack.com\/es\/producto\/silla-raton-ninos-nofred\/","title":{"rendered":"Silla Rat\u00f3n Ni\u00f1os Nofred"},"content":{"rendered":"<p>El mundo de los m\u00e1s peque\u00f1os es curioso, donde los suelos y la creatividad hacen de las suyas, y las sillas de los ni\u00f1os es algo como un peque\u00f1o rat\u00f3n, se mueven e investigan.<\/p>\n<p>La silla Rat\u00f3n de Nofred es un asiento peque\u00f1o para grandes imaginaciones, un lugar para reflexionar y jugar, y jugar&#8230;<\/p>\n<p>EDAD 2-5 a\u00f1os<br \/>\nMEDIDAS W: 35 x H: 45 x D: 28 cm (asiento H: 25 cm)<br \/>\nMATERIAL Chapa de roble con tratamiento de aceite blanco.<br \/>\nINFO dise\u00f1o dan\u00e9s, hecho en europa.<br \/>\nCUIDADO Limpiar con un pa\u00f1o limpio y h\u00famedo. Use un jab\u00f3n suave en las marcas rebeldes antes de eliminar el residuo. Evite frotar y productos que contengan amon\u00edaco.<\/p>\n","protected":false},"excerpt":{"rendered":"<p>Silla rat\u00f3n ni\u00f1os de Nofred<\/p>\n","protected":false},"featured_media":8958,"comment_status":"closed","ping_status":"closed","template":"","meta":[],"tags":[],"product_brand":[],"product_cat":[26,55,18,17],"class_list":{"0":"post-8963","1":"product","2":"type-product","3":"status-publish","4":"has-post-thumbnail","6":"product_cat-minus240","7":"product_cat-mobiliario-infantil","8":"product_cat-peek","9":"product_cat-currentmonth","10":"product_shipping_class-standard-shipping-es","12":"first","13":"instock","14":"taxable","15":"shipping-taxable","16":"purchasable","17":"product-type-variable"},"_links":{"self":[{"href":"https:\/\/peekandpack.com\/es\/wp-json\/wp\/v2\/product\/8963","targetHints":{"allow":["GET"]}}],"collection":[{"href":"https:\/\/peekandpack.com\/es\/wp-json\/wp\/v2\/product"}],"about":[{"href":"https:\/\/peekandpack.com\/es\/wp-json\/wp\/v2\/types\/product"}],"replies":[{"embeddable":true,"href":"https:\/\/peekandpack.com\/es\/wp-json\/wp\/v2\/comments?post=8963"}],"wp:featuredmedia":[{"embeddable":true,"href":"https:\/\/peekandpack.com\/es\/wp-json\/wp\/v2\/media\/8958"}],"wp:attachment":[{"href":"https:\/\/peekandpack.com\/es\/wp-json\/wp\/v2\/media?parent=8963"}],"wp:term":[{"taxonomy":"post_tag","embeddable":true,"href":"https:\/\/peekandpack.com\/es\/wp-json\/wp\/v2\/tags?post=8963"},{"taxonomy":"product_brand","embeddable":true,"href":"https:\/\/peekandpack.com\/es\/wp-json\/wp\/v2\/product_brand?post=8963"},{"taxonomy":"product_cat","embeddable":true,"href":"https:\/\/peekandpack.com\/es\/wp-json\/wp\/v2\/product_cat?post=8963"}],"curies":[{"name":"wp","href":"https:\/\/api.w.org\/{rel}","templated":true}]}}