{"id":8949,"date":"2018-10-31T13:32:11","date_gmt":"2018-10-31T13:34:47","guid":{"rendered":"https:\/\/peekandpack.com\/?post_type=product&#038;p=8949"},"modified":"2021-01-27T16:46:35","modified_gmt":"2021-01-27T16:46:35","slug":"mesa-raton-nofred-2-5-anos","status":"publish","type":"product","link":"https:\/\/peekandpack.com\/es\/producto\/mesa-raton-nofred-2-5-anos\/","title":{"rendered":"Mesa Rat\u00f3n Nofred 2-5 a\u00f1os"},"content":{"rendered":"<p>De lineas simples y resistente. As\u00ed es la mesa Mouse de Nofred para ni\u00f1os de 2 a 5 a\u00f1os.<\/p>\n<p>Un dise\u00f1o dan\u00e9s disponible en roble y\u00a0 colores blanco o gris.<br \/>\nEDAD 2-5 a\u00f1os<br \/>\nMEDIDAS W: 46 x L: 60 x H: 43,5 cm<br \/>\nMATERIAL Chapa de roble con tratamiento de aceite blanco.<br \/>\nINFO dise\u00f1o dan\u00e9s, hecho en europa.<br \/>\nCUIDADO Limpiar con un pa\u00f1o limpio y h\u00famedo. Use un jab\u00f3n suave en las marcas rebeldes antes de eliminar el residuo. Evitar\u00a0 productos que contengan amon\u00edaco.<\/p>\n<p>Entrega en 6\/8 d\u00edas.<\/p>\n","protected":false},"excerpt":{"rendered":"<p>Mesa rat\u00f3n Nofred<\/p>\n","protected":false},"featured_media":8940,"comment_status":"closed","ping_status":"closed","template":"","meta":[],"tags":[],"product_brand":[],"product_cat":[26,55,18,17],"class_list":{"0":"post-8949","1":"product","2":"type-product","3":"status-publish","4":"has-post-thumbnail","6":"product_cat-minus240","7":"product_cat-mobiliario-infantil","8":"product_cat-peek","9":"product_cat-currentmonth","10":"product_shipping_class-standard-shipping-es","12":"first","13":"instock","14":"taxable","15":"shipping-taxable","16":"purchasable","17":"product-type-variable"},"_links":{"self":[{"href":"https:\/\/peekandpack.com\/es\/wp-json\/wp\/v2\/product\/8949","targetHints":{"allow":["GET"]}}],"collection":[{"href":"https:\/\/peekandpack.com\/es\/wp-json\/wp\/v2\/product"}],"about":[{"href":"https:\/\/peekandpack.com\/es\/wp-json\/wp\/v2\/types\/product"}],"replies":[{"embeddable":true,"href":"https:\/\/peekandpack.com\/es\/wp-json\/wp\/v2\/comments?post=8949"}],"wp:featuredmedia":[{"embeddable":true,"href":"https:\/\/peekandpack.com\/es\/wp-json\/wp\/v2\/media\/8940"}],"wp:attachment":[{"href":"https:\/\/peekandpack.com\/es\/wp-json\/wp\/v2\/media?parent=8949"}],"wp:term":[{"taxonomy":"post_tag","embeddable":true,"href":"https:\/\/peekandpack.com\/es\/wp-json\/wp\/v2\/tags?post=8949"},{"taxonomy":"product_brand","embeddable":true,"href":"https:\/\/peekandpack.com\/es\/wp-json\/wp\/v2\/product_brand?post=8949"},{"taxonomy":"product_cat","embeddable":true,"href":"https:\/\/peekandpack.com\/es\/wp-json\/wp\/v2\/product_cat?post=8949"}],"curies":[{"name":"wp","href":"https:\/\/api.w.org\/{rel}","templated":true}]}}