{"id":8930,"date":"2018-10-29T09:25:19","date_gmt":"2018-10-29T09:27:19","guid":{"rendered":"https:\/\/peekandpack.com\/?post_type=product&#038;p=8930"},"modified":"2023-02-17T12:57:10","modified_gmt":"2023-02-17T12:57:10","slug":"litera-3-camas-de-oeuf-nyc-abedul-blanco","status":"publish","type":"product","link":"https:\/\/peekandpack.com\/es\/producto\/litera-3-camas-de-oeuf-nyc-abedul-blanco\/","title":{"rendered":"Litera 3 Camas de OEUF NYC abedul\/blanco"},"content":{"rendered":"<p>Litera con tres camas dise\u00f1o de OEUF NYC, muebles infantiles decoraci\u00f3n habitaci\u00f3n ni\u00f1os<\/p>\n<p>La litera m\u00e1s bonita tra\u00edda directamente desde Brooklyn! \u00a0Dise\u00f1o de OEUF NYC<\/p>\n<p>Esta pieza se convertir\u00e1 en la estrella de cualquier habitaci\u00f3n infantil. Su tama\u00f1o compacto, deja mucho espacio para el juego y otros muebles adicionales.<\/p>\n<p>F\u00e1cil de montar.<br \/>\nColchones no incluidos (medida colch\u00f3n: 90 x 200cm)<\/p>\n<p>El colch\u00f3n de la litera superior no debe ser superior a 20cm de grosor.<br \/>\nEl colch\u00f3n de la litera inferior y nido debe estar entre 12 y 20 cm\u00a0de grosor.<br \/>\nDimensiones: 208cm L \u00a0x Altura 163.5 x \u00a0Fondo 98cm<\/p>\n<p>La altura entre el suelo y la base inferior de la cama superior es de 110cm.<\/p>\n<p>Env\u00edos\u00a0\u00a0s\u00f3lo para Espa\u00f1a (3 semanas, a\u00a0 consultar stock)<\/p>\n<p>GASTOS DE ENV\u00cdO incluidos SOLO en Madrid. A CONSULTAR, TRANSPORTE Y\/O MONTAJE fuera de Madrid (s\u00f3lo Espa\u00f1a)<\/p>\n","protected":false},"excerpt":{"rendered":"<p>Litera 3 camas de OEUF NYC<\/p>\n","protected":false},"featured_media":8929,"comment_status":"closed","ping_status":"closed","template":"","meta":[],"tags":[],"product_brand":[],"product_cat":[98,27,55,18,17],"class_list":{"0":"post-8930","1":"product","2":"type-product","3":"status-publish","4":"has-post-thumbnail","6":"product_cat-destacado-en-la-home","7":"product_cat-plus250","8":"product_cat-mobiliario-infantil","9":"product_cat-peek","10":"product_cat-currentmonth","11":"product_shipping_class-furniture-100-es","13":"first","14":"instock","15":"taxable","16":"shipping-taxable","17":"purchasable","18":"product-type-simple"},"_links":{"self":[{"href":"https:\/\/peekandpack.com\/es\/wp-json\/wp\/v2\/product\/8930","targetHints":{"allow":["GET"]}}],"collection":[{"href":"https:\/\/peekandpack.com\/es\/wp-json\/wp\/v2\/product"}],"about":[{"href":"https:\/\/peekandpack.com\/es\/wp-json\/wp\/v2\/types\/product"}],"replies":[{"embeddable":true,"href":"https:\/\/peekandpack.com\/es\/wp-json\/wp\/v2\/comments?post=8930"}],"wp:featuredmedia":[{"embeddable":true,"href":"https:\/\/peekandpack.com\/es\/wp-json\/wp\/v2\/media\/8929"}],"wp:attachment":[{"href":"https:\/\/peekandpack.com\/es\/wp-json\/wp\/v2\/media?parent=8930"}],"wp:term":[{"taxonomy":"post_tag","embeddable":true,"href":"https:\/\/peekandpack.com\/es\/wp-json\/wp\/v2\/tags?post=8930"},{"taxonomy":"product_brand","embeddable":true,"href":"https:\/\/peekandpack.com\/es\/wp-json\/wp\/v2\/product_brand?post=8930"},{"taxonomy":"product_cat","embeddable":true,"href":"https:\/\/peekandpack.com\/es\/wp-json\/wp\/v2\/product_cat?post=8930"}],"curies":[{"name":"wp","href":"https:\/\/api.w.org\/{rel}","templated":true}]}}