{"id":8667,"date":"2018-10-08T14:14:18","date_gmt":"2018-10-08T14:16:26","guid":{"rendered":"https:\/\/peekandpack.com\/?post_type=product&#038;p=8667"},"modified":"2021-01-27T16:47:27","modified_gmt":"2021-01-27T16:47:27","slug":"lampara-de-origami-chestnut-de-snowpuppe","status":"publish","type":"product","link":"https:\/\/peekandpack.com\/es\/producto\/lampara-de-origami-chestnut-de-snowpuppe\/","title":{"rendered":"L\u00e1mpara de Origami Chestnut de Snowpuppe"},"content":{"rendered":"<p>El interior curvo es bastante inesperado. Al igual que la primera vez que abres una casta\u00f1a y ves que es muy redonda y curvada en el interior. Esta pantalla se pliega con la m\u00e1xima precisi\u00f3n en 1 papel FSC especial del tipo Butterfly. Los fuertes pliegues y los pliegues curvados en el interior juegan con la luz.<\/p>\n<p>Las dimensiones de esta pantalla son:<br \/>\n-18 cm \/ 7 pulgadas de altura;<br \/>\n-28 cm \/ 11 pulgadas de di\u00e1metro.<br \/>\nDise\u00f1ado por Kenneth y Nellianna<br \/>\nTiempo de entrega: 5 d\u00edas laborables.<\/p>\n<p>Disponible en diferentes colores: blanco, azul pastel, amarillo oto\u00f1o, amarillo oro, verde oto\u00f1o, menta, rosa y gris.<\/p>\n<p>Cord\u00f3n en diferentes colores: arena, amarillo, negro, rosa fl\u00faor o blanco.<\/p>\n","protected":false},"excerpt":{"rendered":"<p>L\u00e1mpara de Origami<\/p>\n","protected":false},"featured_media":8666,"comment_status":"closed","ping_status":"closed","template":"","meta":[],"tags":[],"product_brand":[],"product_cat":[50,25,18,17],"class_list":{"0":"post-8667","1":"product","2":"type-product","3":"status-publish","4":"has-post-thumbnail","6":"product_cat-lamparas-infantiles","7":"product_cat-minus90","8":"product_cat-peek","9":"product_cat-currentmonth","10":"product_shipping_class-standard-shipping-es","12":"first","13":"instock","14":"taxable","15":"shipping-taxable","16":"purchasable","17":"product-type-variable"},"_links":{"self":[{"href":"https:\/\/peekandpack.com\/es\/wp-json\/wp\/v2\/product\/8667","targetHints":{"allow":["GET"]}}],"collection":[{"href":"https:\/\/peekandpack.com\/es\/wp-json\/wp\/v2\/product"}],"about":[{"href":"https:\/\/peekandpack.com\/es\/wp-json\/wp\/v2\/types\/product"}],"replies":[{"embeddable":true,"href":"https:\/\/peekandpack.com\/es\/wp-json\/wp\/v2\/comments?post=8667"}],"wp:featuredmedia":[{"embeddable":true,"href":"https:\/\/peekandpack.com\/es\/wp-json\/wp\/v2\/media\/8666"}],"wp:attachment":[{"href":"https:\/\/peekandpack.com\/es\/wp-json\/wp\/v2\/media?parent=8667"}],"wp:term":[{"taxonomy":"post_tag","embeddable":true,"href":"https:\/\/peekandpack.com\/es\/wp-json\/wp\/v2\/tags?post=8667"},{"taxonomy":"product_brand","embeddable":true,"href":"https:\/\/peekandpack.com\/es\/wp-json\/wp\/v2\/product_brand?post=8667"},{"taxonomy":"product_cat","embeddable":true,"href":"https:\/\/peekandpack.com\/es\/wp-json\/wp\/v2\/product_cat?post=8667"}],"curies":[{"name":"wp","href":"https:\/\/api.w.org\/{rel}","templated":true}]}}