{"id":8358,"date":"2018-05-30T08:09:00","date_gmt":"2018-05-30T08:16:40","guid":{"rendered":"https:\/\/peekandpack.com\/?post_type=product&#038;p=8358"},"modified":"2021-10-07T09:02:05","modified_gmt":"2021-10-07T09:02:05","slug":"papel-pintado-jungla-de-jimmy-cricket","status":"publish","type":"product","link":"https:\/\/peekandpack.com\/es\/producto\/papel-pintado-jungla-de-jimmy-cricket\/","title":{"rendered":"Papel Pintado Jungla de Jimmy Cricket"},"content":{"rendered":"<p>Imagina una espesa jungla, con palmeras, diferentes tonos de verde, animales salvajes y tan dulces&#8230; al mismo tiempo!<\/p>\n<p>Perfecto para cualquier espacio infantil, o en cualquier otro lugar de la casa. En Peek&amp;Pack estos papeles nos encanta incluirlo en las habitaciones infantiles, son divertidos, salvajes y dejan volar su imaginaci\u00f3n!<\/p>\n<p>El papel pintado\u00a0se imprime en papel no tejido, se caracteriza por su alta calidad y es de f\u00e1cil instalaci\u00f3n y lavable para peque\u00f1as manchas.<br \/>\nEl rollo consta de 4 paneles de 300cm de alto x 45cm de ancho. Para cubrir una pared de 180cm de ancho por 300cm de altura.<\/p>\n<p>Este producto se entrega en 4 semanas.<\/p>\n","protected":false},"excerpt":{"rendered":"<p>Papel Pintado Jungla de Jimmy Cricket<\/p>\n","protected":false},"featured_media":8353,"comment_status":"closed","ping_status":"closed","template":"","meta":[],"tags":[],"product_brand":[],"product_cat":[49,98,26,96,18,17],"class_list":{"0":"post-8358","1":"product","2":"type-product","3":"status-publish","4":"has-post-thumbnail","6":"product_cat-decotextiles-es","7":"product_cat-destacado-en-la-home","8":"product_cat-minus240","9":"product_cat-papel-pintado","10":"product_cat-peek","11":"product_cat-currentmonth","12":"product_shipping_class-envio-internacional","14":"first","15":"instock","16":"taxable","17":"shipping-taxable","18":"purchasable","19":"product-type-simple"},"_links":{"self":[{"href":"https:\/\/peekandpack.com\/es\/wp-json\/wp\/v2\/product\/8358","targetHints":{"allow":["GET"]}}],"collection":[{"href":"https:\/\/peekandpack.com\/es\/wp-json\/wp\/v2\/product"}],"about":[{"href":"https:\/\/peekandpack.com\/es\/wp-json\/wp\/v2\/types\/product"}],"replies":[{"embeddable":true,"href":"https:\/\/peekandpack.com\/es\/wp-json\/wp\/v2\/comments?post=8358"}],"wp:featuredmedia":[{"embeddable":true,"href":"https:\/\/peekandpack.com\/es\/wp-json\/wp\/v2\/media\/8353"}],"wp:attachment":[{"href":"https:\/\/peekandpack.com\/es\/wp-json\/wp\/v2\/media?parent=8358"}],"wp:term":[{"taxonomy":"post_tag","embeddable":true,"href":"https:\/\/peekandpack.com\/es\/wp-json\/wp\/v2\/tags?post=8358"},{"taxonomy":"product_brand","embeddable":true,"href":"https:\/\/peekandpack.com\/es\/wp-json\/wp\/v2\/product_brand?post=8358"},{"taxonomy":"product_cat","embeddable":true,"href":"https:\/\/peekandpack.com\/es\/wp-json\/wp\/v2\/product_cat?post=8358"}],"curies":[{"name":"wp","href":"https:\/\/api.w.org\/{rel}","templated":true}]}}