{"id":8342,"date":"2018-05-29T12:45:31","date_gmt":"2018-05-29T12:53:28","guid":{"rendered":"https:\/\/peekandpack.com\/?post_type=product&#038;p=8342"},"modified":"2021-01-27T16:47:30","modified_gmt":"2021-01-27T16:47:30","slug":"libro-little-big-rooms-de-gestalten","status":"publish","type":"product","link":"https:\/\/peekandpack.com\/es\/producto\/libro-little-big-rooms-de-gestalten\/","title":{"rendered":"Libro Little Big Rooms de Gestalten"},"content":{"rendered":"<p>Little Big Rooms, el libro de decoraci\u00f3n infantil m\u00e1s bonito del mundo. Est\u00e1 editado por Gestalten y Peek&amp;Pack ha tenido la suerte de participar.<\/p>\n<p>La revista AD Espa\u00f1a lo defini\u00f3 de manera perfecta: \u00abTelas con estampados adultos, vintage escolar y hasta Arte Contempor\u00e1neo. As\u00ed decora\u00a0 &#8211; y decoramos- la generaci\u00f3n \u00d1 (Ni\u00f1os nada \u00d1o\u00d1os).<br \/>\n\u00bfC\u00f3mo se configura una habitaci\u00f3n para ni\u00f1os que es divertida,\u00a0 fresca y con color? \u00bfUna que les de\u00a0 espacio para jugar, so\u00f1ar despiertos y dejar que su imaginaci\u00f3n se vuelva loca?<br \/>\nLa habitaci\u00f3n de un ni\u00f1o debe ser divertida tanto para sus habitantes m\u00e1s peque\u00f1os como para los padres que los organizan; es aqu\u00ed donde las mentes j\u00f3venes en ciernes comienzan a explorar el mundo. Estas salas tienen mucho que hacer, actuando como salas de juego, lugares para dormir, rincones de lectura y espacios para que las mentes j\u00f3venes se concentren y desarrollen su creatividad. Se pueden pasar a\u00f1os jugando y aprendiendo en la habitaci\u00f3n de un ni\u00f1o; un hermano podr\u00eda mudarse, convirti\u00e9ndolo en un espacio para la risa y el intercambio. Configurar una habitaci\u00f3n para ni\u00f1os puede ser un desaf\u00edo maravilloso y Peek&amp;Pack est\u00e1 ah\u00ed para hacerlo posible!<\/p>\n<p>Little Big Rooms est\u00e1 aqu\u00ed para ofrecer inspiraci\u00f3n a los padres, lleno de consejos emocionantes para nuevas habitaciones o espacios que necesitan una actualizaci\u00f3n, as\u00ed como recomendaciones de muebles y accesorios que gustar\u00e1n a todos, grandes y peque\u00f1os.<br \/>\nEditores: Gestalten<br \/>\nFecha de lanzamiento: mayo de 2018<br \/>\nFormato: 22.5 \u00d7 29 cm<br \/>\nCaracter\u00edsticas: A todo color, tapa dura, encuadernaci\u00f3n cosida, 256 p\u00e1ginas<br \/>\nIdioma: ingl\u00e9s<br \/>\nISBN: 978-3-89955-942-2<br \/>\nENV\u00cdO GRATUITO: usa el c\u00f3digo envio_libros_gratis (Solo v\u00e1lido para Espa\u00d1a)<\/p>\n","protected":false},"excerpt":{"rendered":"<p>El libro de decoraci\u00f3n infantil m\u00e1s bonito del mundo!<\/p>\n","protected":false},"featured_media":8335,"comment_status":"closed","ping_status":"closed","template":"","meta":[],"tags":[],"product_brand":[],"product_cat":[49,51,50,25,55,18,17],"class_list":{"0":"post-8342","1":"product","2":"type-product","3":"status-publish","4":"has-post-thumbnail","6":"product_cat-decotextiles-es","7":"product_cat-juguetes-originales","8":"product_cat-lamparas-infantiles","9":"product_cat-minus90","10":"product_cat-mobiliario-infantil","11":"product_cat-peek","12":"product_cat-currentmonth","13":"product_shipping_class-furniture-es","15":"first","16":"instock","17":"taxable","18":"shipping-taxable","19":"purchasable","20":"product-type-simple"},"_links":{"self":[{"href":"https:\/\/peekandpack.com\/es\/wp-json\/wp\/v2\/product\/8342","targetHints":{"allow":["GET"]}}],"collection":[{"href":"https:\/\/peekandpack.com\/es\/wp-json\/wp\/v2\/product"}],"about":[{"href":"https:\/\/peekandpack.com\/es\/wp-json\/wp\/v2\/types\/product"}],"replies":[{"embeddable":true,"href":"https:\/\/peekandpack.com\/es\/wp-json\/wp\/v2\/comments?post=8342"}],"wp:featuredmedia":[{"embeddable":true,"href":"https:\/\/peekandpack.com\/es\/wp-json\/wp\/v2\/media\/8335"}],"wp:attachment":[{"href":"https:\/\/peekandpack.com\/es\/wp-json\/wp\/v2\/media?parent=8342"}],"wp:term":[{"taxonomy":"post_tag","embeddable":true,"href":"https:\/\/peekandpack.com\/es\/wp-json\/wp\/v2\/tags?post=8342"},{"taxonomy":"product_brand","embeddable":true,"href":"https:\/\/peekandpack.com\/es\/wp-json\/wp\/v2\/product_brand?post=8342"},{"taxonomy":"product_cat","embeddable":true,"href":"https:\/\/peekandpack.com\/es\/wp-json\/wp\/v2\/product_cat?post=8342"}],"curies":[{"name":"wp","href":"https:\/\/api.w.org\/{rel}","templated":true}]}}