{"id":8292,"date":"2018-04-28T17:07:54","date_gmt":"2018-04-28T17:18:23","guid":{"rendered":"https:\/\/peekandpack.com\/?post_type=product&#038;p=8292"},"modified":"2021-01-27T16:47:31","modified_gmt":"2021-01-27T16:47:31","slug":"escritorio-ninos-in2wood","status":"publish","type":"product","link":"https:\/\/peekandpack.com\/es\/producto\/escritorio-ninos-in2wood\/","title":{"rendered":"Escritorio Ni\u00f1os In2Wood"},"content":{"rendered":"<p>Escritorio dise\u00f1o de In2Wood redise\u00f1ados desde la nostalgia de los pupitres cl\u00e1sicos. V\u00e1lido aproximadamente desde los 5 a\u00f1os hasta los 10 del ni\u00f1o.<\/p>\n<p>Realizado en madera de abedul y aluminio de colores (Verde menta, Blanco, Azul, Rosa, amarillo o verde.<\/p>\n<p>Especial detalle en los agujeros pensados para los l\u00e1pices y el hueco debajo de la mesa para guardar sus dibujos y juegos favoritos.<\/p>\n<p>Bajo Pedido. (portes inclu\u00eddos)<\/p>\n<p>Entrega: 2\/3 semanas<\/p>\n<p>Materiales: contrachapado de abedul lacado opaco y aluminio<br \/>\nMedidas: 700 mm x 625 mm x 515 mm (WxHxD)<br \/>\nMantenimiento: Limpiar con un pa\u00f1o h\u00famedo.<br \/>\nPeso: 10,9 kg<\/p>\n<p><img loading=\"lazy\" decoding=\"async\" class=\"alignnone size-full wp-image-8269\" src=\"https:\/\/peekandpack.com\/wp-peekandpack\/wp-content\/uploads\/2018\/04\/color_in2wood.png\" alt=\"\" width=\"211\" height=\"51\" \/><\/p>\n<p>&nbsp;<\/p>\n","protected":false},"excerpt":{"rendered":"<p>Redise\u00f1ados desde la nostalgia.<\/p>\n","protected":false},"featured_media":8285,"comment_status":"closed","ping_status":"closed","template":"","meta":[],"tags":[],"product_brand":[],"product_cat":[27,55,18,17],"class_list":{"0":"post-8292","1":"product","2":"type-product","3":"status-publish","4":"has-post-thumbnail","6":"product_cat-plus250","7":"product_cat-mobiliario-infantil","8":"product_cat-peek","9":"product_cat-currentmonth","10":"product_shipping_class-furniture-65-es","12":"first","13":"instock","14":"taxable","15":"shipping-taxable","16":"purchasable","17":"product-type-variable"},"_links":{"self":[{"href":"https:\/\/peekandpack.com\/es\/wp-json\/wp\/v2\/product\/8292","targetHints":{"allow":["GET"]}}],"collection":[{"href":"https:\/\/peekandpack.com\/es\/wp-json\/wp\/v2\/product"}],"about":[{"href":"https:\/\/peekandpack.com\/es\/wp-json\/wp\/v2\/types\/product"}],"replies":[{"embeddable":true,"href":"https:\/\/peekandpack.com\/es\/wp-json\/wp\/v2\/comments?post=8292"}],"wp:featuredmedia":[{"embeddable":true,"href":"https:\/\/peekandpack.com\/es\/wp-json\/wp\/v2\/media\/8285"}],"wp:attachment":[{"href":"https:\/\/peekandpack.com\/es\/wp-json\/wp\/v2\/media?parent=8292"}],"wp:term":[{"taxonomy":"post_tag","embeddable":true,"href":"https:\/\/peekandpack.com\/es\/wp-json\/wp\/v2\/tags?post=8292"},{"taxonomy":"product_brand","embeddable":true,"href":"https:\/\/peekandpack.com\/es\/wp-json\/wp\/v2\/product_brand?post=8292"},{"taxonomy":"product_cat","embeddable":true,"href":"https:\/\/peekandpack.com\/es\/wp-json\/wp\/v2\/product_cat?post=8292"}],"curies":[{"name":"wp","href":"https:\/\/api.w.org\/{rel}","templated":true}]}}