{"id":8200,"date":"2018-03-20T12:37:22","date_gmt":"2018-03-20T12:40:52","guid":{"rendered":"https:\/\/peekandpack.com\/?post_type=product&#038;p=8200"},"modified":"2021-01-27T16:47:33","modified_gmt":"2021-01-27T16:47:33","slug":"animals","status":"publish","type":"product","link":"https:\/\/peekandpack.com\/es\/producto\/animals\/","title":{"rendered":"Animals"},"content":{"rendered":"<p>Como una tarde en el Zoo!<\/p>\n<p>Papel Pintado de Bien Fait Par\u00eds, repleto de\u00a0 tigres, peces-gato, elefantes y perdices con miradas acidas, que forman la ben\u00e9vola colecci\u00f3n de animales de este particular arca de No\u00e9.<\/p>\n<p>Se vende por paquete de 2 tiras de 91 x 280 cm. (cubre una superficie de 182 cm de largo x 280 de alto).<\/p>\n<p>Bajo pedido. Entrega en 8\/10 d\u00edas.<\/p>\n","protected":false},"excerpt":{"rendered":"<p>Como una tarde en el Zoo&#8230;!<\/p>\n","protected":false},"featured_media":8195,"comment_status":"closed","ping_status":"closed","template":"","meta":[],"tags":[],"product_brand":[],"product_cat":[49,27,96,18,17],"class_list":{"0":"post-8200","1":"product","2":"type-product","3":"status-publish","4":"has-post-thumbnail","6":"product_cat-decotextiles-es","7":"product_cat-plus250","8":"product_cat-papel-pintado","9":"product_cat-peek","10":"product_cat-currentmonth","11":"product_shipping_class-standard-shipping-es","13":"first","14":"instock","15":"taxable","16":"shipping-taxable","17":"purchasable","18":"product-type-simple"},"_links":{"self":[{"href":"https:\/\/peekandpack.com\/es\/wp-json\/wp\/v2\/product\/8200","targetHints":{"allow":["GET"]}}],"collection":[{"href":"https:\/\/peekandpack.com\/es\/wp-json\/wp\/v2\/product"}],"about":[{"href":"https:\/\/peekandpack.com\/es\/wp-json\/wp\/v2\/types\/product"}],"replies":[{"embeddable":true,"href":"https:\/\/peekandpack.com\/es\/wp-json\/wp\/v2\/comments?post=8200"}],"wp:featuredmedia":[{"embeddable":true,"href":"https:\/\/peekandpack.com\/es\/wp-json\/wp\/v2\/media\/8195"}],"wp:attachment":[{"href":"https:\/\/peekandpack.com\/es\/wp-json\/wp\/v2\/media?parent=8200"}],"wp:term":[{"taxonomy":"post_tag","embeddable":true,"href":"https:\/\/peekandpack.com\/es\/wp-json\/wp\/v2\/tags?post=8200"},{"taxonomy":"product_brand","embeddable":true,"href":"https:\/\/peekandpack.com\/es\/wp-json\/wp\/v2\/product_brand?post=8200"},{"taxonomy":"product_cat","embeddable":true,"href":"https:\/\/peekandpack.com\/es\/wp-json\/wp\/v2\/product_cat?post=8200"}],"curies":[{"name":"wp","href":"https:\/\/api.w.org\/{rel}","templated":true}]}}