{"id":7974,"date":"2018-01-29T14:28:17","date_gmt":"2018-01-29T14:32:33","guid":{"rendered":"https:\/\/peekandpack.com\/es\/?post_type=product&#038;p=7974"},"modified":"2021-01-27T16:49:05","modified_gmt":"2021-01-27T16:49:05","slug":"balda-para-libros-realizada-en-espana-en-metacrilato-de-alta-calidad","status":"publish","type":"product","link":"https:\/\/peekandpack.com\/es\/producto\/balda-para-libros-realizada-en-espana-en-metacrilato-de-alta-calidad\/","title":{"rendered":"Balda en acr\u00edlico de Peek&amp;Pack"},"content":{"rendered":"<p>Balda para libros realizada en Espa\u00f1a en acr\u00edlico transparente de alta calidad. Siempre busc\u00e1bamos baldas para libros pero adecuadas para instalar en paredes con color o con papel pintado.<\/p>\n<p>Por fin han llegado a Peek&amp;Pack y el acr\u00edlico transparente ha sido la soluci\u00f3n.<\/p>\n<p>Medidas: 70 x 10 x 22cm (altura de la parte que va anclada a la pared).<\/p>\n<p>Bajo pedido.<\/p>\n<p>Entrega en 2 semanas<\/p>\n","protected":false},"excerpt":{"rendered":"<p>Balda metacrilato de Peek&amp;Pack<\/p>\n","protected":false},"featured_media":7983,"comment_status":"closed","ping_status":"closed","template":"","meta":[],"tags":[],"product_brand":[],"product_cat":[49,25,55,96,18,17],"class_list":{"0":"post-7974","1":"product","2":"type-product","3":"status-publish","4":"has-post-thumbnail","6":"product_cat-decotextiles-es","7":"product_cat-minus90","8":"product_cat-mobiliario-infantil","9":"product_cat-papel-pintado","10":"product_cat-peek","11":"product_cat-currentmonth","12":"product_shipping_class-furniture-es","14":"first","15":"instock","16":"taxable","17":"shipping-taxable","18":"purchasable","19":"product-type-simple"},"_links":{"self":[{"href":"https:\/\/peekandpack.com\/es\/wp-json\/wp\/v2\/product\/7974","targetHints":{"allow":["GET"]}}],"collection":[{"href":"https:\/\/peekandpack.com\/es\/wp-json\/wp\/v2\/product"}],"about":[{"href":"https:\/\/peekandpack.com\/es\/wp-json\/wp\/v2\/types\/product"}],"replies":[{"embeddable":true,"href":"https:\/\/peekandpack.com\/es\/wp-json\/wp\/v2\/comments?post=7974"}],"wp:featuredmedia":[{"embeddable":true,"href":"https:\/\/peekandpack.com\/es\/wp-json\/wp\/v2\/media\/7983"}],"wp:attachment":[{"href":"https:\/\/peekandpack.com\/es\/wp-json\/wp\/v2\/media?parent=7974"}],"wp:term":[{"taxonomy":"post_tag","embeddable":true,"href":"https:\/\/peekandpack.com\/es\/wp-json\/wp\/v2\/tags?post=7974"},{"taxonomy":"product_brand","embeddable":true,"href":"https:\/\/peekandpack.com\/es\/wp-json\/wp\/v2\/product_brand?post=7974"},{"taxonomy":"product_cat","embeddable":true,"href":"https:\/\/peekandpack.com\/es\/wp-json\/wp\/v2\/product_cat?post=7974"}],"curies":[{"name":"wp","href":"https:\/\/api.w.org\/{rel}","templated":true}]}}