{"id":7824,"date":"2017-12-19T09:01:16","date_gmt":"2017-12-19T09:05:48","guid":{"rendered":"http:\/\/peekandpack.com\/es\/?post_type=product&#038;p=7824"},"modified":"2021-01-27T16:49:08","modified_gmt":"2021-01-27T16:49:08","slug":"lampara-techo-bon-ton-cristina-celestino","status":"publish","type":"product","link":"https:\/\/peekandpack.com\/es\/producto\/lampara-techo-bon-ton-cristina-celestino\/","title":{"rendered":"L\u00e1mpara techo Bon-Ton Cristina Celestino"},"content":{"rendered":"<p>L\u00e1mpara de Techo colecci\u00f3n Bon-Ton dise\u00f1o de Cristina Celestino para Torremato.<\/p>\n<div id=\"gt-res-c\" class=\"g-unit\">\n<div id=\"gt-res-p\">\n<div id=\"gt-res-data\">\n<div id=\"gt-res-wrap\">\n<div id=\"gt-res-content\">\n<div id=\"gt-res-dir-ctr\" class=\"trans-verified-button-small\" dir=\"ltr\"><span id=\"result_box\" class=\"\" lang=\"es\">La colecci\u00f3n de l\u00e1mparas Bon-Ton recibe la inspiraci\u00f3n de los pendientes, accesorios tan femeninos que dan como resultado un colecci\u00f3n delicada, de formas simples y empleado diferentes materiales como el metal, el cord\u00f3n del cable, la madera, el cobre.\u00a0\u00a0<\/span><\/div>\n<div class=\"trans-verified-button-small\" dir=\"ltr\"><span id=\"result_box\" class=\"\" lang=\"es\">Perfecta para dar el toque diferente a cualquier espacio, en Peek&amp;Pack nos encanta para las habitaciones de los m\u00e1s peque\u00f1os, en verde con ese punto divertido, y el delicado color rosa que a cualquier ni\u00f1a encantar\u00e1.<\/p>\n<p><span class=\"\">Dise\u00f1o: Cristina Celestino (Torremato)<\/span><\/p>\n<p>Material: Metal \/ Roble<\/p>\n<p>FUENTE DE ALIMENTACI\u00d3N: 240V<\/p>\n<p>Colores: rosa brillante o verde<\/p>\n<p><span class=\"\">Tiempo de entrega: 2\/3 semanas<\/span><\/span><\/div>\n<\/div>\n<\/div>\n<\/div>\n<\/div>\n<\/div>\n","protected":false},"excerpt":{"rendered":"<p>Colecci\u00f3n l\u00e1mparas Bon-Ton. Cristina Celestino.<\/p>\n","protected":false},"featured_media":7817,"comment_status":"closed","ping_status":"closed","template":"","meta":[],"tags":[],"product_brand":[],"product_cat":[54,50,27,18,17],"class_list":{"0":"post-7824","1":"product","2":"type-product","3":"status-publish","4":"has-post-thumbnail","6":"product_cat-featured-in-menu-es","7":"product_cat-lamparas-infantiles","8":"product_cat-plus250","9":"product_cat-peek","10":"product_cat-currentmonth","11":"product_shipping_class-standard-shipping-es","13":"first","14":"instock","15":"taxable","16":"shipping-taxable","17":"purchasable","18":"product-type-variable"},"_links":{"self":[{"href":"https:\/\/peekandpack.com\/es\/wp-json\/wp\/v2\/product\/7824","targetHints":{"allow":["GET"]}}],"collection":[{"href":"https:\/\/peekandpack.com\/es\/wp-json\/wp\/v2\/product"}],"about":[{"href":"https:\/\/peekandpack.com\/es\/wp-json\/wp\/v2\/types\/product"}],"replies":[{"embeddable":true,"href":"https:\/\/peekandpack.com\/es\/wp-json\/wp\/v2\/comments?post=7824"}],"wp:featuredmedia":[{"embeddable":true,"href":"https:\/\/peekandpack.com\/es\/wp-json\/wp\/v2\/media\/7817"}],"wp:attachment":[{"href":"https:\/\/peekandpack.com\/es\/wp-json\/wp\/v2\/media?parent=7824"}],"wp:term":[{"taxonomy":"post_tag","embeddable":true,"href":"https:\/\/peekandpack.com\/es\/wp-json\/wp\/v2\/tags?post=7824"},{"taxonomy":"product_brand","embeddable":true,"href":"https:\/\/peekandpack.com\/es\/wp-json\/wp\/v2\/product_brand?post=7824"},{"taxonomy":"product_cat","embeddable":true,"href":"https:\/\/peekandpack.com\/es\/wp-json\/wp\/v2\/product_cat?post=7824"}],"curies":[{"name":"wp","href":"https:\/\/api.w.org\/{rel}","templated":true}]}}