{"id":7781,"date":"2017-12-14T12:35:22","date_gmt":"2017-12-14T12:43:08","guid":{"rendered":"http:\/\/peekandpack.com\/es\/?post_type=product&#038;p=7781"},"modified":"2021-01-27T16:49:09","modified_gmt":"2021-01-27T16:49:09","slug":"mural-caroline","status":"publish","type":"product","link":"https:\/\/peekandpack.com\/es\/producto\/mural-caroline\/","title":{"rendered":"Mural Caroline"},"content":{"rendered":"<p>Papel Pintado en mural de 300 x 300 cm dise\u00f1o de Mues design, su significado se resume en fragilidad, enso\u00f1aci\u00f3n y espontaneidad. Inventa historias y deja volar tu imaginaci\u00f3n.<\/p>\n<p>Caracter\u00edsticas:<\/p>\n<p>-Tipo de papel: papel tapiz no tejido<br \/>\n&#8211; Ancho 60 cm y\u00a0 Alto: 2800cm<br \/>\n&#8211; Grosor del papel: 147g \/ m2<br \/>\n&#8211; Aspecto: dise\u00f1o papel ligeramente tejido<br \/>\n&#8211; Normas: cumplimiento de est\u00e1ndares de salud y medioambientales<br \/>\n&#8211; Soluci\u00f3n adecuada para ni\u00f1os y lugares p\u00fablicos<br \/>\n&#8211; Papel pintado lavable<br \/>\n&#8211; Hecho en Francia<br \/>\nMural: 300 x 280 cm de alto.<\/p>\n<p>Tiempo de entrega: 2\/3 semanas<\/p>\n","protected":false},"excerpt":{"rendered":"<p>Papel Pintado Caroline<\/p>\n","protected":false},"featured_media":9481,"comment_status":"closed","ping_status":"closed","template":"","meta":[],"tags":[],"product_brand":[],"product_cat":[49,26,96,18,17],"class_list":{"0":"post-7781","1":"product","2":"type-product","3":"status-publish","4":"has-post-thumbnail","6":"product_cat-decotextiles-es","7":"product_cat-minus240","8":"product_cat-papel-pintado","9":"product_cat-peek","10":"product_cat-currentmonth","11":"product_shipping_class-standard-shipping-es","13":"first","14":"instock","15":"taxable","16":"shipping-taxable","17":"purchasable","18":"product-type-simple"},"_links":{"self":[{"href":"https:\/\/peekandpack.com\/es\/wp-json\/wp\/v2\/product\/7781","targetHints":{"allow":["GET"]}}],"collection":[{"href":"https:\/\/peekandpack.com\/es\/wp-json\/wp\/v2\/product"}],"about":[{"href":"https:\/\/peekandpack.com\/es\/wp-json\/wp\/v2\/types\/product"}],"replies":[{"embeddable":true,"href":"https:\/\/peekandpack.com\/es\/wp-json\/wp\/v2\/comments?post=7781"}],"wp:featuredmedia":[{"embeddable":true,"href":"https:\/\/peekandpack.com\/es\/wp-json\/wp\/v2\/media\/9481"}],"wp:attachment":[{"href":"https:\/\/peekandpack.com\/es\/wp-json\/wp\/v2\/media?parent=7781"}],"wp:term":[{"taxonomy":"post_tag","embeddable":true,"href":"https:\/\/peekandpack.com\/es\/wp-json\/wp\/v2\/tags?post=7781"},{"taxonomy":"product_brand","embeddable":true,"href":"https:\/\/peekandpack.com\/es\/wp-json\/wp\/v2\/product_brand?post=7781"},{"taxonomy":"product_cat","embeddable":true,"href":"https:\/\/peekandpack.com\/es\/wp-json\/wp\/v2\/product_cat?post=7781"}],"curies":[{"name":"wp","href":"https:\/\/api.w.org\/{rel}","templated":true}]}}