{"id":7724,"date":"2017-12-09T19:44:44","date_gmt":"2017-12-09T19:55:22","guid":{"rendered":"http:\/\/peekandpack.com\/es\/?post_type=product&#038;p=7724"},"modified":"2021-01-27T16:49:10","modified_gmt":"2021-01-27T16:49:10","slug":"ligera-y-con-un-diseno-unico-el-moises-balancin-de-lilgaea","status":"publish","type":"product","link":"https:\/\/peekandpack.com\/es\/producto\/ligera-y-con-un-diseno-unico-el-moises-balancin-de-lilgaea\/","title":{"rendered":"Mois\u00e9s Beb\u00e9 de LilGaea"},"content":{"rendered":"<p>Ligera y con un dise\u00f1o \u00fanico, el mois\u00e9s balanc\u00edn de LilGaea permite llevar al beb\u00e9 por toda la casa, bloquearla en una posici\u00f3n determinada para deter el balanceo y colocar el colch\u00f3n incorporado para beb\u00e9s con c\u00f3licos.<\/p>\n<p>Dise\u00f1o: Pinar Yar Govsa y Tugrul Govsa, 2015.<\/p>\n<p>Medidas: Altura 69cm x 57 x 80 cm.<\/p>\n<p>Dimensiones del colch\u00f3n: 40x80cm (no inclu\u00eddo)<\/p>\n<p>Material: Madera contrachapada de abedul con pintura a base de agua\u00a0 en el caso de opci\u00f3n lacada y blanco lavado.<\/p>\n<p>Plazo de entrega: 1\/2 semanas.<\/p>\n<p>&nbsp;<\/p>\n","protected":false},"excerpt":{"rendered":"<p>Mois\u00e9s balanc\u00edn LilGaea.<\/p>\n","protected":false},"featured_media":7719,"comment_status":"closed","ping_status":"closed","template":"","meta":[],"tags":[],"product_brand":[],"product_cat":[27,55,18,17],"class_list":{"0":"post-7724","1":"product","2":"type-product","3":"status-publish","4":"has-post-thumbnail","6":"product_cat-plus250","7":"product_cat-mobiliario-infantil","8":"product_cat-peek","9":"product_cat-currentmonth","10":"product_shipping_class-furniture-es","12":"first","13":"outofstock","14":"taxable","15":"shipping-taxable","16":"purchasable","17":"product-type-variable"},"_links":{"self":[{"href":"https:\/\/peekandpack.com\/es\/wp-json\/wp\/v2\/product\/7724","targetHints":{"allow":["GET"]}}],"collection":[{"href":"https:\/\/peekandpack.com\/es\/wp-json\/wp\/v2\/product"}],"about":[{"href":"https:\/\/peekandpack.com\/es\/wp-json\/wp\/v2\/types\/product"}],"replies":[{"embeddable":true,"href":"https:\/\/peekandpack.com\/es\/wp-json\/wp\/v2\/comments?post=7724"}],"wp:featuredmedia":[{"embeddable":true,"href":"https:\/\/peekandpack.com\/es\/wp-json\/wp\/v2\/media\/7719"}],"wp:attachment":[{"href":"https:\/\/peekandpack.com\/es\/wp-json\/wp\/v2\/media?parent=7724"}],"wp:term":[{"taxonomy":"post_tag","embeddable":true,"href":"https:\/\/peekandpack.com\/es\/wp-json\/wp\/v2\/tags?post=7724"},{"taxonomy":"product_brand","embeddable":true,"href":"https:\/\/peekandpack.com\/es\/wp-json\/wp\/v2\/product_brand?post=7724"},{"taxonomy":"product_cat","embeddable":true,"href":"https:\/\/peekandpack.com\/es\/wp-json\/wp\/v2\/product_cat?post=7724"}],"curies":[{"name":"wp","href":"https:\/\/api.w.org\/{rel}","templated":true}]}}