{"id":7294,"date":"2017-09-22T09:38:57","date_gmt":"2017-09-22T09:47:43","guid":{"rendered":"http:\/\/peekandpack.com\/es\/?post_type=product&#038;p=7294"},"modified":"2021-01-27T16:49:17","modified_gmt":"2021-01-27T16:49:17","slug":"pintado-no-solo-para-ninos-stardust-de-bien-fait-paris","status":"publish","type":"product","link":"https:\/\/peekandpack.com\/es\/producto\/pintado-no-solo-para-ninos-stardust-de-bien-fait-paris\/","title":{"rendered":"Stardust Papel Pintado de Bien Fait"},"content":{"rendered":"<p>Papel Pintado, no s\u00f3lo para ni\u00f1os, Stardust de Bien Fait Par\u00eds.<\/p>\n<p>Un puntillismo agitado y revoltoso, de colores alegres, que pondr\u00e1 la nota de color en cualquier espacio. Imagina un Jackson Pollock solo para tus ojos&#8230;<\/p>\n<p>Medidas: 3 paneles de 60cm de ancho por 280 de altura. Superficie a cubrir:\u00a0 180cm x 280cm altura.<\/p>\n<p>Papel mate de 190 gr.<\/p>\n<p>Fabricado y dise\u00f1ado en Francia.<\/p>\n<p>Muy resistente y f\u00e1cil instalaci\u00f3n.<\/p>\n<p>PLAZO DE ENTREGA: 2 SEMANAS<\/p>\n","protected":false},"excerpt":{"rendered":"<p>Papel Pintado, no s\u00f3lo para ni\u00f1os, Stardust de Bien Fait Par\u00eds.<\/p>\n","protected":false},"featured_media":7289,"comment_status":"closed","ping_status":"closed","template":"","meta":[],"tags":[],"product_brand":[],"product_cat":[49,27,96,18,17],"class_list":{"0":"post-7294","1":"product","2":"type-product","3":"status-publish","4":"has-post-thumbnail","6":"product_cat-decotextiles-es","7":"product_cat-plus250","8":"product_cat-papel-pintado","9":"product_cat-peek","10":"product_cat-currentmonth","11":"product_shipping_class-standard-shipping-es","13":"first","14":"instock","15":"taxable","16":"shipping-taxable","17":"purchasable","18":"product-type-simple"},"_links":{"self":[{"href":"https:\/\/peekandpack.com\/es\/wp-json\/wp\/v2\/product\/7294","targetHints":{"allow":["GET"]}}],"collection":[{"href":"https:\/\/peekandpack.com\/es\/wp-json\/wp\/v2\/product"}],"about":[{"href":"https:\/\/peekandpack.com\/es\/wp-json\/wp\/v2\/types\/product"}],"replies":[{"embeddable":true,"href":"https:\/\/peekandpack.com\/es\/wp-json\/wp\/v2\/comments?post=7294"}],"wp:featuredmedia":[{"embeddable":true,"href":"https:\/\/peekandpack.com\/es\/wp-json\/wp\/v2\/media\/7289"}],"wp:attachment":[{"href":"https:\/\/peekandpack.com\/es\/wp-json\/wp\/v2\/media?parent=7294"}],"wp:term":[{"taxonomy":"post_tag","embeddable":true,"href":"https:\/\/peekandpack.com\/es\/wp-json\/wp\/v2\/tags?post=7294"},{"taxonomy":"product_brand","embeddable":true,"href":"https:\/\/peekandpack.com\/es\/wp-json\/wp\/v2\/product_brand?post=7294"},{"taxonomy":"product_cat","embeddable":true,"href":"https:\/\/peekandpack.com\/es\/wp-json\/wp\/v2\/product_cat?post=7294"}],"curies":[{"name":"wp","href":"https:\/\/api.w.org\/{rel}","templated":true}]}}