{"id":7187,"date":"2017-07-05T14:59:49","date_gmt":"2017-07-05T15:06:24","guid":{"rendered":"http:\/\/peekandpack.com\/es\/?post_type=product&#038;p=7187"},"modified":"2021-01-27T16:49:19","modified_gmt":"2021-01-27T16:49:19","slug":"papel-pintado-arbol-grispapel-pintado-para-decoracion-de-habitaciones-infantiles-de-sian-zeng","status":"publish","type":"product","link":"https:\/\/peekandpack.com\/es\/producto\/papel-pintado-arbol-grispapel-pintado-para-decoracion-de-habitaciones-infantiles-de-sian-zeng\/","title":{"rendered":"Papel Pintado \u00c1rbol Gris"},"content":{"rendered":"<p>Papel pintado para decoraci\u00f3n de habitaciones infantiles , dise\u00f1o de Sian Zeng<\/p>\n<p>Imagina un bosque encantado, lleno de criaturas extraordinarias, como en un cuento de hadas.<\/p>\n<p>Pintado con tintas chinas al estilo tradicional, los paneles de \u00e1rboles Hua de Sian Zeng son \u00a0reflejo de su herencia cultural europea y china.<\/p>\n<p>Las diversas cualidades tonales de esta obra de arte crean una sensaci\u00f3n de profundidad y espacio, ofreciendo detalles complejos dentro de una escala impresionante.<\/p>\n<p>Papel pintado impreso en Inglaterra usando papel de bosques sostenibles.<\/p>\n<p>Se vende por paneles (A, B o C) Cada panel: 70 cm de ancho x 300 cm de altura<br \/>\nEntrega: 6\/8 d\u00edas<\/p>\n","protected":false},"excerpt":{"rendered":"<p>Papel Pintado Sian Zeng<\/p>\n","protected":false},"featured_media":7177,"comment_status":"closed","ping_status":"closed","template":"","meta":[],"tags":[],"product_brand":[],"product_cat":[49,25,96,18,17],"class_list":{"0":"post-7187","1":"product","2":"type-product","3":"status-publish","4":"has-post-thumbnail","6":"product_cat-decotextiles-es","7":"product_cat-minus90","8":"product_cat-papel-pintado","9":"product_cat-peek","10":"product_cat-currentmonth","11":"product_shipping_class-standard-shipping-es","13":"first","14":"instock","15":"taxable","16":"shipping-taxable","17":"purchasable","18":"product-type-variable"},"_links":{"self":[{"href":"https:\/\/peekandpack.com\/es\/wp-json\/wp\/v2\/product\/7187","targetHints":{"allow":["GET"]}}],"collection":[{"href":"https:\/\/peekandpack.com\/es\/wp-json\/wp\/v2\/product"}],"about":[{"href":"https:\/\/peekandpack.com\/es\/wp-json\/wp\/v2\/types\/product"}],"replies":[{"embeddable":true,"href":"https:\/\/peekandpack.com\/es\/wp-json\/wp\/v2\/comments?post=7187"}],"wp:featuredmedia":[{"embeddable":true,"href":"https:\/\/peekandpack.com\/es\/wp-json\/wp\/v2\/media\/7177"}],"wp:attachment":[{"href":"https:\/\/peekandpack.com\/es\/wp-json\/wp\/v2\/media?parent=7187"}],"wp:term":[{"taxonomy":"post_tag","embeddable":true,"href":"https:\/\/peekandpack.com\/es\/wp-json\/wp\/v2\/tags?post=7187"},{"taxonomy":"product_brand","embeddable":true,"href":"https:\/\/peekandpack.com\/es\/wp-json\/wp\/v2\/product_brand?post=7187"},{"taxonomy":"product_cat","embeddable":true,"href":"https:\/\/peekandpack.com\/es\/wp-json\/wp\/v2\/product_cat?post=7187"}],"curies":[{"name":"wp","href":"https:\/\/api.w.org\/{rel}","templated":true}]}}