{"id":6977,"date":"2016-12-02T08:25:47","date_gmt":"2016-12-02T08:28:38","guid":{"rendered":"http:\/\/peekandpack.com\/es\/?post_type=product&#038;p=6977"},"modified":"2021-01-27T16:49:19","modified_gmt":"2021-01-27T16:49:19","slug":"pegatinas-de-pared-para-decoracion-de-espacios-infantiles-2","status":"publish","type":"product","link":"https:\/\/peekandpack.com\/es\/producto\/pegatinas-de-pared-para-decoracion-de-espacios-infantiles-2\/","title":{"rendered":"Pegatina Pared Arbol Croacia de Sian Zeng"},"content":{"rendered":"<p>Pegatinas de pared para decoraci\u00f3n de espacios infantiles, de Sian Zeng.<\/p>\n<p>Dise\u00f1o, originalmente pintado a mano con tinta china. Acabo mate, de f\u00e1cil colocaci\u00f3n, ofrece innumerables opciones de decoraci\u00f3n, sobre todo si lo combinas con otras pegatinas, como los cerdos voladores.<\/p>\n<p>Etiqueta adhesiva mate, resistente a rasgaduras y ara\u00f1azos<br \/>\nMedidas: alto\u00a0120cm x ancho 135cm<br \/>\nF\u00e1cil de\u00a0poner y quitar.<br \/>\nPlazo de entrega: 8\/10 d\u00edas.<\/p>\n","protected":false},"excerpt":{"rendered":"<p>Pegatinas de pared de Sian Zeng<\/p>\n","protected":false},"featured_media":6974,"comment_status":"closed","ping_status":"closed","template":"","meta":[],"tags":[],"product_brand":[],"product_cat":[49,26,18,17],"class_list":{"0":"post-6977","1":"product","2":"type-product","3":"status-publish","4":"has-post-thumbnail","6":"product_cat-decotextiles-es","7":"product_cat-minus240","8":"product_cat-peek","9":"product_cat-currentmonth","10":"product_shipping_class-standard-shipping-es","12":"first","13":"instock","14":"taxable","15":"shipping-taxable","16":"purchasable","17":"product-type-simple"},"_links":{"self":[{"href":"https:\/\/peekandpack.com\/es\/wp-json\/wp\/v2\/product\/6977","targetHints":{"allow":["GET"]}}],"collection":[{"href":"https:\/\/peekandpack.com\/es\/wp-json\/wp\/v2\/product"}],"about":[{"href":"https:\/\/peekandpack.com\/es\/wp-json\/wp\/v2\/types\/product"}],"replies":[{"embeddable":true,"href":"https:\/\/peekandpack.com\/es\/wp-json\/wp\/v2\/comments?post=6977"}],"wp:featuredmedia":[{"embeddable":true,"href":"https:\/\/peekandpack.com\/es\/wp-json\/wp\/v2\/media\/6974"}],"wp:attachment":[{"href":"https:\/\/peekandpack.com\/es\/wp-json\/wp\/v2\/media?parent=6977"}],"wp:term":[{"taxonomy":"post_tag","embeddable":true,"href":"https:\/\/peekandpack.com\/es\/wp-json\/wp\/v2\/tags?post=6977"},{"taxonomy":"product_brand","embeddable":true,"href":"https:\/\/peekandpack.com\/es\/wp-json\/wp\/v2\/product_brand?post=6977"},{"taxonomy":"product_cat","embeddable":true,"href":"https:\/\/peekandpack.com\/es\/wp-json\/wp\/v2\/product_cat?post=6977"}],"curies":[{"name":"wp","href":"https:\/\/api.w.org\/{rel}","templated":true}]}}