{"id":6966,"date":"2016-12-01T14:20:05","date_gmt":"2016-12-01T14:25:14","guid":{"rendered":"http:\/\/peekandpack.com\/es\/?post_type=product&#038;p=6966"},"modified":"2021-01-27T16:49:20","modified_gmt":"2021-01-27T16:49:20","slug":"pegatinas-de-pared-para-decoracion-de-espacios-infantiles","status":"publish","type":"product","link":"https:\/\/peekandpack.com\/es\/producto\/pegatinas-de-pared-para-decoracion-de-espacios-infantiles\/","title":{"rendered":"Pegatina pared Arbol Londres de Sian Zeng"},"content":{"rendered":"<p>Pegatinas de pared para decoraci\u00f3n de espacios infantiles, de Sian Zeng.<\/p>\n<p>Dise\u00f1o, originalmente pintado a mano con tinta china. Acabo mate, de f\u00e1cil colocaci\u00f3n, ofrece innumerables opciones de decoraci\u00f3n, sobre todo si lo combinas con otras pegatinas, como los cerdos voladores.<\/p>\n<p>Etiqueta adhesiva mate, resistente a rasgaduras y ara\u00f1azos<br \/>\nMedidas: alto\u00a0186cm x ancho 120cm<br \/>\nF\u00e1cil de\u00a0poner y quitar.<br \/>\nPlazo de entrega: 8\/10 d\u00edas.<\/p>\n","protected":false},"excerpt":{"rendered":"<p>Pegatina pared \u00e1rbol de Sian Zeng<\/p>\n","protected":false},"featured_media":6965,"comment_status":"closed","ping_status":"closed","template":"","meta":[],"tags":[],"product_brand":[],"product_cat":[49,27,26,18,17],"class_list":{"0":"post-6966","1":"product","2":"type-product","3":"status-publish","4":"has-post-thumbnail","6":"product_cat-decotextiles-es","7":"product_cat-plus250","8":"product_cat-minus240","9":"product_cat-peek","10":"product_cat-currentmonth","11":"product_shipping_class-standard-shipping-es","13":"first","14":"instock","15":"taxable","16":"shipping-taxable","17":"purchasable","18":"product-type-simple"},"_links":{"self":[{"href":"https:\/\/peekandpack.com\/es\/wp-json\/wp\/v2\/product\/6966","targetHints":{"allow":["GET"]}}],"collection":[{"href":"https:\/\/peekandpack.com\/es\/wp-json\/wp\/v2\/product"}],"about":[{"href":"https:\/\/peekandpack.com\/es\/wp-json\/wp\/v2\/types\/product"}],"replies":[{"embeddable":true,"href":"https:\/\/peekandpack.com\/es\/wp-json\/wp\/v2\/comments?post=6966"}],"wp:featuredmedia":[{"embeddable":true,"href":"https:\/\/peekandpack.com\/es\/wp-json\/wp\/v2\/media\/6965"}],"wp:attachment":[{"href":"https:\/\/peekandpack.com\/es\/wp-json\/wp\/v2\/media?parent=6966"}],"wp:term":[{"taxonomy":"post_tag","embeddable":true,"href":"https:\/\/peekandpack.com\/es\/wp-json\/wp\/v2\/tags?post=6966"},{"taxonomy":"product_brand","embeddable":true,"href":"https:\/\/peekandpack.com\/es\/wp-json\/wp\/v2\/product_brand?post=6966"},{"taxonomy":"product_cat","embeddable":true,"href":"https:\/\/peekandpack.com\/es\/wp-json\/wp\/v2\/product_cat?post=6966"}],"curies":[{"name":"wp","href":"https:\/\/api.w.org\/{rel}","templated":true}]}}