{"id":6956,"date":"2016-11-30T11:36:04","date_gmt":"2016-11-30T11:41:04","guid":{"rendered":"http:\/\/peekandpack.com\/es\/?post_type=product&#038;p=6956"},"modified":"2021-01-27T16:49:20","modified_gmt":"2021-01-27T16:49:20","slug":"pegatinas-de-pared-cerdo-volador-de-sian-zeng-para-decoracion","status":"publish","type":"product","link":"https:\/\/peekandpack.com\/es\/producto\/pegatinas-de-pared-cerdo-volador-de-sian-zeng-para-decoracion\/","title":{"rendered":"Pegatinas de Pared Cerdos voladores Sian Zeng"},"content":{"rendered":"<p>Pegatinas de pared cerdo Volador de Sian Zeng, para decoraci\u00f3n de habitaciones infantiles.<\/p>\n<p>F\u00e1cil de pegar y quitar, te permite m\u00faltiples opciones de decoraci\u00f3n para las paredes. Libre de PVC, acabado mate, impreso en pinturas ecol\u00f3gicas.<\/p>\n<p>Medidas por pegatina: \u00a0Alto: 32cm x Ancho:28cm<br \/>\nEntrega: 6\/8 d\u00edas<\/p>\n<p>Disponible en tres colores: Negro, Amarillo y Rosa, elige el tuyo!<\/p>\n","protected":false},"excerpt":{"rendered":"<p>Pegatinas de pared de Sian Zeng<\/p>\n","protected":false},"featured_media":6951,"comment_status":"closed","ping_status":"closed","template":"","meta":[],"tags":[],"product_brand":[],"product_cat":[49,25,18,17],"class_list":{"0":"post-6956","1":"product","2":"type-product","3":"status-publish","4":"has-post-thumbnail","6":"product_cat-decotextiles-es","7":"product_cat-minus90","8":"product_cat-peek","9":"product_cat-currentmonth","10":"product_shipping_class-standard-shipping-es","12":"first","13":"instock","14":"taxable","15":"shipping-taxable","16":"purchasable","17":"product-type-variable"},"_links":{"self":[{"href":"https:\/\/peekandpack.com\/es\/wp-json\/wp\/v2\/product\/6956","targetHints":{"allow":["GET"]}}],"collection":[{"href":"https:\/\/peekandpack.com\/es\/wp-json\/wp\/v2\/product"}],"about":[{"href":"https:\/\/peekandpack.com\/es\/wp-json\/wp\/v2\/types\/product"}],"replies":[{"embeddable":true,"href":"https:\/\/peekandpack.com\/es\/wp-json\/wp\/v2\/comments?post=6956"}],"wp:featuredmedia":[{"embeddable":true,"href":"https:\/\/peekandpack.com\/es\/wp-json\/wp\/v2\/media\/6951"}],"wp:attachment":[{"href":"https:\/\/peekandpack.com\/es\/wp-json\/wp\/v2\/media?parent=6956"}],"wp:term":[{"taxonomy":"post_tag","embeddable":true,"href":"https:\/\/peekandpack.com\/es\/wp-json\/wp\/v2\/tags?post=6956"},{"taxonomy":"product_brand","embeddable":true,"href":"https:\/\/peekandpack.com\/es\/wp-json\/wp\/v2\/product_brand?post=6956"},{"taxonomy":"product_cat","embeddable":true,"href":"https:\/\/peekandpack.com\/es\/wp-json\/wp\/v2\/product_cat?post=6956"}],"curies":[{"name":"wp","href":"https:\/\/api.w.org\/{rel}","templated":true}]}}