{"id":6941,"date":"2016-11-30T11:06:49","date_gmt":"2016-11-30T11:17:50","guid":{"rendered":"http:\/\/peekandpack.com\/es\/?post_type=product&#038;p=6941"},"modified":"2021-01-27T16:49:21","modified_gmt":"2021-01-27T16:49:21","slug":"papel-pintado-magnetico-para-decoracion-de-espacios-infantiles","status":"publish","type":"product","link":"https:\/\/peekandpack.com\/es\/producto\/papel-pintado-magnetico-para-decoracion-de-espacios-infantiles\/","title":{"rendered":"Papel Pintado Magnetico Bosque rosa Sian Zeng"},"content":{"rendered":"<p>Papel pintado magn\u00e9tico para decoraci\u00f3n de espacios infantiles.<\/p>\n<p>Imagina un bosque encantado, rosa, lleno de personajes m\u00e1gicos, hadas y todo un mundo por descubrir. El papel pintado magn\u00e9tico ofrece m\u00faltiples opciones de juego, decoraci\u00f3n y diversi\u00f3n.<\/p>\n<p>Es muy sencillo de colocar. Recibir\u00e1s una base a encolar en la pared, sobre la que se coloca el papel imantado.<\/p>\n<p>Viene con:<br \/>\nPapel pintado<br \/>\nLongitud: 10m x \u00a0Ancho: 52cm<\/p>\n<p>Repetici\u00f3n dibujo(rapport): 53cm<br \/>\nForro magn\u00e9tico<br \/>\nLongitud: 10m x Ancho: 55cm<br \/>\nGu\u00eda de suspensi\u00f3n<br \/>\nPegamento de papel<br \/>\n3 imanes<\/p>\n<p>Tiempo de entrega: 8\/10 d\u00edas<\/p>\n","protected":false},"excerpt":{"rendered":"<p>Papel Pintado Bosque magn\u00e9tico de Sian Zeng<\/p>\n","protected":false},"featured_media":6938,"comment_status":"closed","ping_status":"closed","template":"","meta":[],"tags":[],"product_brand":[],"product_cat":[49,27,96,18,17],"class_list":{"0":"post-6941","1":"product","2":"type-product","3":"status-publish","4":"has-post-thumbnail","6":"product_cat-decotextiles-es","7":"product_cat-plus250","8":"product_cat-papel-pintado","9":"product_cat-peek","10":"product_cat-currentmonth","11":"product_shipping_class-standard-shipping-es","13":"first","14":"instock","15":"taxable","16":"shipping-taxable","17":"purchasable","18":"product-type-simple"},"_links":{"self":[{"href":"https:\/\/peekandpack.com\/es\/wp-json\/wp\/v2\/product\/6941","targetHints":{"allow":["GET"]}}],"collection":[{"href":"https:\/\/peekandpack.com\/es\/wp-json\/wp\/v2\/product"}],"about":[{"href":"https:\/\/peekandpack.com\/es\/wp-json\/wp\/v2\/types\/product"}],"replies":[{"embeddable":true,"href":"https:\/\/peekandpack.com\/es\/wp-json\/wp\/v2\/comments?post=6941"}],"wp:featuredmedia":[{"embeddable":true,"href":"https:\/\/peekandpack.com\/es\/wp-json\/wp\/v2\/media\/6938"}],"wp:attachment":[{"href":"https:\/\/peekandpack.com\/es\/wp-json\/wp\/v2\/media?parent=6941"}],"wp:term":[{"taxonomy":"post_tag","embeddable":true,"href":"https:\/\/peekandpack.com\/es\/wp-json\/wp\/v2\/tags?post=6941"},{"taxonomy":"product_brand","embeddable":true,"href":"https:\/\/peekandpack.com\/es\/wp-json\/wp\/v2\/product_brand?post=6941"},{"taxonomy":"product_cat","embeddable":true,"href":"https:\/\/peekandpack.com\/es\/wp-json\/wp\/v2\/product_cat?post=6941"}],"curies":[{"name":"wp","href":"https:\/\/api.w.org\/{rel}","templated":true}]}}