{"id":6914,"date":"2016-11-24T18:47:31","date_gmt":"2016-11-24T18:48:50","guid":{"rendered":"http:\/\/peekandpack.com\/es\/?post_type=product&#038;p=6914"},"modified":"2021-09-15T17:37:27","modified_gmt":"2021-09-15T17:37:27","slug":"cuna-evolutiva-sebra-blanco","status":"publish","type":"product","link":"https:\/\/peekandpack.com\/es\/producto\/cuna-evolutiva-sebra-blanco\/","title":{"rendered":"Cuna evolutiva Sebra blanco"},"content":{"rendered":"<p>Cuna evolutiva de Sebra. La cama que crece con tu hijo\u2026<\/p>\n<p>Podr\u00e1s usar este mueble desde el nacimiento del beb\u00e9, hasta los 6 a\u00f1os, aproximadamente.<\/p>\n<p>La cama est\u00e1 equipada con una base ajustable en altura y diversas opciones que hacen posible cada uso.<\/p>\n<p>Material: Madera de abedul<\/p>\n<p>Medidas: Cuna L112,5cm x A70cm x 88cm altura \/ Cama: A70cm x L150 cm<br \/>\nDetalles: Colch\u00f3n no incluido. Colch\u00f3n adaptado a las dimensiones \u00a0de este mueble tambi\u00e9n disponible en Peek &amp; Pack<\/p>\n<p>Entrega: a consultar (principios del a\u00f1o 2022)<\/p>\n<p>Env\u00edos solo Espa\u00f1a (Pen\u00ednsula y Baleares) y Portugal<\/p>\n","protected":false},"excerpt":{"rendered":"<p>La cuna que crece con tu hijo<\/p>\n","protected":false},"featured_media":12819,"comment_status":"closed","ping_status":"closed","template":"","meta":[],"tags":[],"product_brand":[],"product_cat":[27,55,18,17],"class_list":{"0":"post-6914","1":"product","2":"type-product","3":"status-publish","4":"has-post-thumbnail","6":"product_cat-plus250","7":"product_cat-mobiliario-infantil","8":"product_cat-peek","9":"product_cat-currentmonth","10":"product_shipping_class-furniture-65-es","12":"first","13":"instock","14":"taxable","15":"shipping-taxable","16":"purchasable","17":"product-type-simple"},"_links":{"self":[{"href":"https:\/\/peekandpack.com\/es\/wp-json\/wp\/v2\/product\/6914","targetHints":{"allow":["GET"]}}],"collection":[{"href":"https:\/\/peekandpack.com\/es\/wp-json\/wp\/v2\/product"}],"about":[{"href":"https:\/\/peekandpack.com\/es\/wp-json\/wp\/v2\/types\/product"}],"replies":[{"embeddable":true,"href":"https:\/\/peekandpack.com\/es\/wp-json\/wp\/v2\/comments?post=6914"}],"wp:featuredmedia":[{"embeddable":true,"href":"https:\/\/peekandpack.com\/es\/wp-json\/wp\/v2\/media\/12819"}],"wp:attachment":[{"href":"https:\/\/peekandpack.com\/es\/wp-json\/wp\/v2\/media?parent=6914"}],"wp:term":[{"taxonomy":"post_tag","embeddable":true,"href":"https:\/\/peekandpack.com\/es\/wp-json\/wp\/v2\/tags?post=6914"},{"taxonomy":"product_brand","embeddable":true,"href":"https:\/\/peekandpack.com\/es\/wp-json\/wp\/v2\/product_brand?post=6914"},{"taxonomy":"product_cat","embeddable":true,"href":"https:\/\/peekandpack.com\/es\/wp-json\/wp\/v2\/product_cat?post=6914"}],"curies":[{"name":"wp","href":"https:\/\/api.w.org\/{rel}","templated":true}]}}