{"id":6333,"date":"2016-08-29T16:25:19","date_gmt":"2016-08-29T16:27:21","guid":{"rendered":"http:\/\/peekandpack.com\/es\/?post_type=product&#038;p=6333"},"modified":"2021-01-27T16:49:26","modified_gmt":"2021-01-27T16:49:26","slug":"papel-pintado-safari-decoracion-habitacion-ninos-de-nofred","status":"publish","type":"product","link":"https:\/\/peekandpack.com\/es\/producto\/papel-pintado-safari-decoracion-habitacion-ninos-de-nofred\/","title":{"rendered":"Papel Pintado Safari Nofred"},"content":{"rendered":"<p>Papel pintado Safari\u00a0decoraci\u00f3n habitaci\u00f3n ni\u00f1os de Nofred<\/p>\n<p>Medidas: 10,05m largo x ancho 53 cm<\/p>\n<p>Repetici\u00f3n del dibujo cada\u00a013,3 cm<\/p>\n<p>&nbsp;<\/p>\n","protected":false},"excerpt":{"rendered":"<p>Papel Pintado Safari de Nofred<\/p>\n","protected":false},"featured_media":8006,"comment_status":"open","ping_status":"closed","template":"","meta":[],"tags":[],"product_brand":[],"product_cat":[49,25,96,18],"class_list":{"0":"post-6333","1":"product","2":"type-product","3":"status-publish","4":"has-post-thumbnail","6":"product_cat-decotextiles-es","7":"product_cat-minus90","8":"product_cat-papel-pintado","9":"product_cat-peek","10":"product_shipping_class-standard-shipping-es","12":"first","13":"instock","14":"taxable","15":"shipping-taxable","16":"purchasable","17":"product-type-simple"},"_links":{"self":[{"href":"https:\/\/peekandpack.com\/es\/wp-json\/wp\/v2\/product\/6333","targetHints":{"allow":["GET"]}}],"collection":[{"href":"https:\/\/peekandpack.com\/es\/wp-json\/wp\/v2\/product"}],"about":[{"href":"https:\/\/peekandpack.com\/es\/wp-json\/wp\/v2\/types\/product"}],"replies":[{"embeddable":true,"href":"https:\/\/peekandpack.com\/es\/wp-json\/wp\/v2\/comments?post=6333"}],"wp:featuredmedia":[{"embeddable":true,"href":"https:\/\/peekandpack.com\/es\/wp-json\/wp\/v2\/media\/8006"}],"wp:attachment":[{"href":"https:\/\/peekandpack.com\/es\/wp-json\/wp\/v2\/media?parent=6333"}],"wp:term":[{"taxonomy":"post_tag","embeddable":true,"href":"https:\/\/peekandpack.com\/es\/wp-json\/wp\/v2\/tags?post=6333"},{"taxonomy":"product_brand","embeddable":true,"href":"https:\/\/peekandpack.com\/es\/wp-json\/wp\/v2\/product_brand?post=6333"},{"taxonomy":"product_cat","embeddable":true,"href":"https:\/\/peekandpack.com\/es\/wp-json\/wp\/v2\/product_cat?post=6333"}],"curies":[{"name":"wp","href":"https:\/\/api.w.org\/{rel}","templated":true}]}}