{"id":6321,"date":"2016-08-29T15:53:42","date_gmt":"2016-08-29T15:57:29","guid":{"rendered":"http:\/\/peekandpack.com\/es\/?post_type=product&#038;p=6321"},"modified":"2021-01-27T16:49:26","modified_gmt":"2021-01-27T16:49:26","slug":"papel-pintado-mariquitas-y-cactus-decoracion-habitacion-ninos","status":"publish","type":"product","link":"https:\/\/peekandpack.com\/es\/producto\/papel-pintado-mariquitas-y-cactus-decoracion-habitacion-ninos\/","title":{"rendered":"Papel pintado Mariquitas y Cactus Nofred"},"content":{"rendered":"<p>Papel pintado Mariquitas y Cactus\u00a0decoraci\u00f3n habitaci\u00f3n ni\u00f1os de Nofred<\/p>\n<p>Medidas: 10,05m largo x ancho 53 cm<\/p>\n<p>Repetici\u00f3n del dibujo cada\u00a013,3 cm<\/p>\n<p>Entrega en 6\/8 d\u00edas<\/p>\n<p>&nbsp;<\/p>\n","protected":false},"excerpt":{"rendered":"<p>Papel Pintado Mariquitas y Cactus Nofred<\/p>\n","protected":false},"featured_media":8003,"comment_status":"open","ping_status":"closed","template":"","meta":[],"tags":[],"product_brand":[],"product_cat":[49,25,96,18,17],"class_list":{"0":"post-6321","1":"product","2":"type-product","3":"status-publish","4":"has-post-thumbnail","6":"product_cat-decotextiles-es","7":"product_cat-minus90","8":"product_cat-papel-pintado","9":"product_cat-peek","10":"product_cat-currentmonth","11":"product_shipping_class-standard-shipping-es","13":"first","14":"instock","15":"taxable","16":"shipping-taxable","17":"purchasable","18":"product-type-simple"},"_links":{"self":[{"href":"https:\/\/peekandpack.com\/es\/wp-json\/wp\/v2\/product\/6321","targetHints":{"allow":["GET"]}}],"collection":[{"href":"https:\/\/peekandpack.com\/es\/wp-json\/wp\/v2\/product"}],"about":[{"href":"https:\/\/peekandpack.com\/es\/wp-json\/wp\/v2\/types\/product"}],"replies":[{"embeddable":true,"href":"https:\/\/peekandpack.com\/es\/wp-json\/wp\/v2\/comments?post=6321"}],"wp:featuredmedia":[{"embeddable":true,"href":"https:\/\/peekandpack.com\/es\/wp-json\/wp\/v2\/media\/8003"}],"wp:attachment":[{"href":"https:\/\/peekandpack.com\/es\/wp-json\/wp\/v2\/media?parent=6321"}],"wp:term":[{"taxonomy":"post_tag","embeddable":true,"href":"https:\/\/peekandpack.com\/es\/wp-json\/wp\/v2\/tags?post=6321"},{"taxonomy":"product_brand","embeddable":true,"href":"https:\/\/peekandpack.com\/es\/wp-json\/wp\/v2\/product_brand?post=6321"},{"taxonomy":"product_cat","embeddable":true,"href":"https:\/\/peekandpack.com\/es\/wp-json\/wp\/v2\/product_cat?post=6321"}],"curies":[{"name":"wp","href":"https:\/\/api.w.org\/{rel}","templated":true}]}}