{"id":6206,"date":"2016-08-22T20:43:31","date_gmt":"2016-08-22T20:54:10","guid":{"rendered":"http:\/\/peekandpack.com\/es\/?post_type=product&#038;p=6206"},"modified":"2022-12-16T11:11:38","modified_gmt":"2022-12-16T11:11:38","slug":"litera-muebles-infantiles-decoracion-habitacion-ninos","status":"publish","type":"product","link":"https:\/\/peekandpack.com\/es\/producto\/litera-muebles-infantiles-decoracion-habitacion-ninos\/","title":{"rendered":"Litera Oeuf NYC abedul-blanco"},"content":{"rendered":"<p>Litera\u00a0muebles infantiles decoraci\u00f3n habitaci\u00f3n ni\u00f1os<\/p>\n<p>La litera m\u00e1s bonita tra\u00edda directamente desde Brooklyn! \u00a0Dise\u00f1o de OEUF NYC<\/p>\n<p>Esta pieza se convertir\u00e1 en la estrella de cualquier habitaci\u00f3n infantil. Su tama\u00f1o compacto, deja mucho espacio para el juego y otros muebles adicionales.<\/p>\n<p>F\u00e1cil de montar.<br \/>\nColchones no incluidos (medida colch\u00f3n: 90 x 200cm)<\/p>\n<p>El colch\u00f3n de la litera superior no debe ser superior a 20cm de grosor.<br \/>\nEl colch\u00f3n de la litera inferior debe estar entre 12 y 20 cm\u00a0de grosor.<br \/>\nDimensiones: 208cm L \u00a0x Altura 163.5 x \u00a0Fondo 98cm<\/p>\n<p>La altura entre el suelo y la base inferior de la cama superior es de 110cm.<\/p>\n<p>Gastos de env\u00edo y montaje no incluidos, a consultar. Env\u00edos solo en Espa\u00f1a<\/p>\n<p>Plazo de entrega: a consultar stock\u00a0 (4 semanas)<\/p>\n","protected":false},"excerpt":{"rendered":"<p>Litera Oeuf NYC<\/p>\n","protected":false},"featured_media":6109,"comment_status":"open","ping_status":"closed","template":"","meta":[],"tags":[],"product_brand":[],"product_cat":[54,27,55,18],"class_list":{"0":"post-6206","1":"product","2":"type-product","3":"status-publish","4":"has-post-thumbnail","6":"product_cat-featured-in-menu-es","7":"product_cat-plus250","8":"product_cat-mobiliario-infantil","9":"product_cat-peek","10":"product_shipping_class-furniture-es","12":"first","13":"instock","14":"taxable","15":"shipping-taxable","16":"purchasable","17":"product-type-simple"},"_links":{"self":[{"href":"https:\/\/peekandpack.com\/es\/wp-json\/wp\/v2\/product\/6206","targetHints":{"allow":["GET"]}}],"collection":[{"href":"https:\/\/peekandpack.com\/es\/wp-json\/wp\/v2\/product"}],"about":[{"href":"https:\/\/peekandpack.com\/es\/wp-json\/wp\/v2\/types\/product"}],"replies":[{"embeddable":true,"href":"https:\/\/peekandpack.com\/es\/wp-json\/wp\/v2\/comments?post=6206"}],"wp:featuredmedia":[{"embeddable":true,"href":"https:\/\/peekandpack.com\/es\/wp-json\/wp\/v2\/media\/6109"}],"wp:attachment":[{"href":"https:\/\/peekandpack.com\/es\/wp-json\/wp\/v2\/media?parent=6206"}],"wp:term":[{"taxonomy":"post_tag","embeddable":true,"href":"https:\/\/peekandpack.com\/es\/wp-json\/wp\/v2\/tags?post=6206"},{"taxonomy":"product_brand","embeddable":true,"href":"https:\/\/peekandpack.com\/es\/wp-json\/wp\/v2\/product_brand?post=6206"},{"taxonomy":"product_cat","embeddable":true,"href":"https:\/\/peekandpack.com\/es\/wp-json\/wp\/v2\/product_cat?post=6206"}],"curies":[{"name":"wp","href":"https:\/\/api.w.org\/{rel}","templated":true}]}}