{"id":5893,"date":"2016-07-11T15:26:57","date_gmt":"2016-07-11T15:36:41","guid":{"rendered":"http:\/\/peekandpack.com\/es\/?post_type=product&#038;p=5893"},"modified":"2021-01-27T16:49:29","modified_gmt":"2021-01-27T16:49:29","slug":"muebles-infantiles-y-mobiliario-infantil-oeuf-nyc-2","status":"publish","type":"product","link":"https:\/\/peekandpack.com\/es\/producto\/muebles-infantiles-y-mobiliario-infantil-oeuf-nyc-2\/","title":{"rendered":"Mini Libreria Oeuf"},"content":{"rendered":"<p>Muebles infantiles y mobiliario infantil Oeuf NYC<\/p>\n<p>La mini Libreria vertical de Oeuf ofrece un almacenamiento moderno y pr\u00e1ctico para cualquier habitaci\u00f3n. Ideal para los espacios m\u00e1s estrechos, es la altura la que proporciona una capacidad extra para guardar sus libros y juguetes favoritos. A los ni\u00f1os les encantar\u00e1 su dise\u00f1o divertido y a los padres su aspecto contempor\u00e1neo y la elegancia de una pieza de gran calidad.<\/p>\n<p>&nbsp;<\/p>\n<p>ADVERTENCIA &#8211; Al ser un mueble de altura considerable, deben prevenir los posibles accidentes. Aseg\u00farese de su correcta instalaci\u00f3n.<\/p>\n<p>Dimensiones: Ancho 73,6 x fondo 30,5 cm \u00a0x alto 165cm<\/p>\n<p>Producto realizado\u00a0de manera sostenible con las normas Europeas.<br \/>\nMaterial:\u00a0\u00a0madera contrachapada de abedul s\u00f3lido y eco-MDF<br \/>\nLos acabados son no t\u00f3xicos, realizados a base de agua y libre de riesgos para la salud.<br \/>\nEmbalaje de cart\u00f3n reciclado<br \/>\nNecesita un \u00a0m\u00ednimo\u00a0montaje<\/p>\n<p>Entrega: 8\/10 d\u00edas<\/p>\n","protected":false},"excerpt":{"rendered":"<p>Mini Libreria de Oeuf<\/p>\n","protected":false},"featured_media":5887,"comment_status":"open","ping_status":"closed","template":"","meta":[],"tags":[],"product_brand":[],"product_cat":[27,55,18,17],"class_list":{"0":"post-5893","1":"product","2":"type-product","3":"status-publish","4":"has-post-thumbnail","6":"product_cat-plus250","7":"product_cat-mobiliario-infantil","8":"product_cat-peek","9":"product_cat-currentmonth","10":"product_shipping_class-furniture-65-es","12":"first","13":"instock","14":"taxable","15":"shipping-taxable","16":"purchasable","17":"product-type-simple"},"_links":{"self":[{"href":"https:\/\/peekandpack.com\/es\/wp-json\/wp\/v2\/product\/5893","targetHints":{"allow":["GET"]}}],"collection":[{"href":"https:\/\/peekandpack.com\/es\/wp-json\/wp\/v2\/product"}],"about":[{"href":"https:\/\/peekandpack.com\/es\/wp-json\/wp\/v2\/types\/product"}],"replies":[{"embeddable":true,"href":"https:\/\/peekandpack.com\/es\/wp-json\/wp\/v2\/comments?post=5893"}],"wp:featuredmedia":[{"embeddable":true,"href":"https:\/\/peekandpack.com\/es\/wp-json\/wp\/v2\/media\/5887"}],"wp:attachment":[{"href":"https:\/\/peekandpack.com\/es\/wp-json\/wp\/v2\/media?parent=5893"}],"wp:term":[{"taxonomy":"post_tag","embeddable":true,"href":"https:\/\/peekandpack.com\/es\/wp-json\/wp\/v2\/tags?post=5893"},{"taxonomy":"product_brand","embeddable":true,"href":"https:\/\/peekandpack.com\/es\/wp-json\/wp\/v2\/product_brand?post=5893"},{"taxonomy":"product_cat","embeddable":true,"href":"https:\/\/peekandpack.com\/es\/wp-json\/wp\/v2\/product_cat?post=5893"}],"curies":[{"name":"wp","href":"https:\/\/api.w.org\/{rel}","templated":true}]}}