{"id":5604,"date":"2015-10-21T13:59:11","date_gmt":"2016-05-02T21:39:28","guid":{"rendered":"http:\/\/peekandpack.com\/es\/?post_type=product&#038;p=5604"},"modified":"2022-05-23T09:40:41","modified_gmt":"2022-05-23T09:40:41","slug":"papel-pintado-infantil-carlton-decoracion-de-pared","status":"publish","type":"product","link":"https:\/\/peekandpack.com\/es\/producto\/papel-pintado-infantil-carlton-decoracion-de-pared\/","title":{"rendered":"Papel Pintado Carlton &#8211; Bien Fait"},"content":{"rendered":"<p>Papel pintado infantil carlton decoracion de pared<\/p>\n<p>Incre\u00edble papel pintado dise\u00f1o de Bien Fait Par\u00eds. Los m\u00e1s exclusivos papeles ahora disponibles, bajo pedido, en Peek&amp;Pack.<\/p>\n<p>En el precio se incluyen dos rollos de 91 cm de ancho x 280 cm de altura.<\/p>\n<p>Desde Peek&amp;Pack os aconsejamos empapelar una de las paredes de la estancia, y conseguir\u00e1s profundidad y el toque de dise\u00f1o que buscabas.<\/p>\n<p>Ancho total: 182 cm x altura 280cm.<\/p>\n<p>Facil de instalar.<\/p>\n<p>Plazo de entrega: 3-4 semanas<\/p>\n","protected":false},"excerpt":{"rendered":"<p>Los m\u00e1s incre\u00edbles papeles pintados!<\/p>\n","protected":false},"featured_media":3441,"comment_status":"open","ping_status":"closed","template":"","meta":[],"tags":[],"product_brand":[],"product_cat":[49,27,96,18],"class_list":{"0":"post-5604","1":"product","2":"type-product","3":"status-publish","4":"has-post-thumbnail","6":"product_cat-decotextiles-es","7":"product_cat-plus250","8":"product_cat-papel-pintado","9":"product_cat-peek","10":"product_shipping_class-standard-shipping-es","12":"first","13":"instock","14":"taxable","15":"shipping-taxable","16":"purchasable","17":"product-type-simple"},"_links":{"self":[{"href":"https:\/\/peekandpack.com\/es\/wp-json\/wp\/v2\/product\/5604","targetHints":{"allow":["GET"]}}],"collection":[{"href":"https:\/\/peekandpack.com\/es\/wp-json\/wp\/v2\/product"}],"about":[{"href":"https:\/\/peekandpack.com\/es\/wp-json\/wp\/v2\/types\/product"}],"replies":[{"embeddable":true,"href":"https:\/\/peekandpack.com\/es\/wp-json\/wp\/v2\/comments?post=5604"}],"wp:featuredmedia":[{"embeddable":true,"href":"https:\/\/peekandpack.com\/es\/wp-json\/wp\/v2\/media\/3441"}],"wp:attachment":[{"href":"https:\/\/peekandpack.com\/es\/wp-json\/wp\/v2\/media?parent=5604"}],"wp:term":[{"taxonomy":"post_tag","embeddable":true,"href":"https:\/\/peekandpack.com\/es\/wp-json\/wp\/v2\/tags?post=5604"},{"taxonomy":"product_brand","embeddable":true,"href":"https:\/\/peekandpack.com\/es\/wp-json\/wp\/v2\/product_brand?post=5604"},{"taxonomy":"product_cat","embeddable":true,"href":"https:\/\/peekandpack.com\/es\/wp-json\/wp\/v2\/product_cat?post=5604"}],"curies":[{"name":"wp","href":"https:\/\/api.w.org\/{rel}","templated":true}]}}