{"id":5235,"date":"2016-03-07T08:45:45","date_gmt":"2016-03-07T08:50:59","guid":{"rendered":"http:\/\/peekandpack.com\/es\/?post_type=product&#038;p=5235"},"modified":"2023-11-21T16:22:23","modified_gmt":"2023-11-21T16:22:23","slug":"decoracion-habitacion-bebe-decoracion-infantil-personalizado","status":"publish","type":"product","link":"https:\/\/peekandpack.com\/es\/producto\/decoracion-habitacion-bebe-decoracion-infantil-personalizado\/","title":{"rendered":"Proyectos de Decoraci\u00f3n Peek&#038;Pack"},"content":{"rendered":"<p>Decoraci\u00f3n habitaci\u00f3n beb\u00e9, decoraci\u00f3n infantil personalizado.<\/p>\n<p>Proyectos de decoraci\u00f3n Digitales.<\/p>\n<p>SERVICIOS:<\/p>\n<p>&nbsp;<\/p>\n<ul>\n<li>Proyecto DIGITAL: En esta opci\u00f3n Peek&amp;Pack os ofrece la posibilidad de desarrollar un espacio PEEK en la distancia. El cliente es el que nos proporciona las medidas, planos, fotos y\/o video del espacio, as\u00ed como toda la informaci\u00f3n necesaria, objetivos, necesidades, info de los peques&#8230;, con todo eso nosotras trabajaremos para conseguir el espacio so\u00f1ado. En dicho proyecto digital os incluimos planos (medidas proporcionadas por el cliente), alzados, selecci\u00f3n de productos y todo lo necesario (peque\u00f1a obra, pintura, papel pintado, mobiliario, b\u00fasqueda de piezas singulares, objetos de decoraci\u00f3n: ropa de cama, cojines, alfombras, cortinas,&#8230;, iluminaci\u00f3n) para conseguir un aut\u00e9ntico espacio Peek&amp;Pack,\u00a0 para que posteriormente sea el cliente el que lo lleve a cabo. Todas las comunicaciones se llevan a cabo v\u00eda mail, tel\u00e9fono, v\u00eddeo llamada o WhatsApp. Adem\u00e1s os ofrecemos en todos los productos Peek&amp;Pack\u00a0 un <strong>10% de descuento <\/strong>(para usarlo durante un a\u00f1o). Precio por proyecto digital de espacio de hasta 18 m2: 500\u20ac (Espacios mayores a cotizar)<\/li>\n<\/ul>\n<p>&nbsp;<\/p>\n<ul>\n<li>Proyecto DIGITAL\u00a0 + Toma de MEDIDAS (650\u20ac): Peek&amp;Pack \u00a0aqu\u00ed os da\u00a0 la posibilidad de contratar un proyecto integral para la habitaci\u00f3n de los m\u00e1s peque\u00f1os de la casa, siendo nosotras las que hacemos las mediciones. Os proporcionamos cubrir vuestras necesidades y desarrollar el espacio ideal que sue\u00f1as para tu hijo. Primer paso, visita vivienda para toma de medidas (s\u00f3lo Madrid y alrededores, otras ciudades precios a consultar) . Valoraremos conjuntamente\u00a0 vuestras necesidades, elaboraremos un proyecto integral de dicho espacio, planos, alzados, todas la selecci\u00f3n de producto y una vez tengamos vuestra aceptaci\u00f3n, os elaborar\u00edamos presupuesto de la ejecuci\u00f3n, materiales, profesionales, nuestros honorarios y todo lo que dese\u00e9is incluir para poner en marcha el proyecto.<\/li>\n<\/ul>\n<p>&nbsp;<\/p>\n<p>Si est\u00e1s interesado en que Peek&amp;Pack lleve a cabo el proyecto de decoraci\u00f3n, integral o parcial, de la habitaci\u00f3n de tus hij@s, escr\u00edbenos un mail a: info@peekandpack.com o contrata la opci\u00f3n que m\u00e1s se adapte a tus necesidades a trav\u00e9s de la web.<\/p>\n<p>&nbsp;<\/p>\n<p>Haremos realidad aquello que t\u00fa deseas y ellos imaginan !<\/p>\n<p>&nbsp;<\/p>\n","protected":false},"excerpt":{"rendered":"<p>Proyectos de Decoraci\u00f3n<\/p>\n","protected":false},"featured_media":22002,"comment_status":"open","ping_status":"closed","template":"","meta":[],"tags":[],"product_brand":[],"product_cat":[49,27,55,18,17],"class_list":{"0":"post-5235","1":"product","2":"type-product","3":"status-publish","4":"has-post-thumbnail","6":"product_cat-decotextiles-es","7":"product_cat-plus250","8":"product_cat-mobiliario-infantil","9":"product_cat-peek","10":"product_cat-currentmonth","12":"first","13":"instock","14":"taxable","15":"shipping-taxable","16":"purchasable","17":"product-type-variable"},"_links":{"self":[{"href":"https:\/\/peekandpack.com\/es\/wp-json\/wp\/v2\/product\/5235","targetHints":{"allow":["GET"]}}],"collection":[{"href":"https:\/\/peekandpack.com\/es\/wp-json\/wp\/v2\/product"}],"about":[{"href":"https:\/\/peekandpack.com\/es\/wp-json\/wp\/v2\/types\/product"}],"replies":[{"embeddable":true,"href":"https:\/\/peekandpack.com\/es\/wp-json\/wp\/v2\/comments?post=5235"}],"wp:featuredmedia":[{"embeddable":true,"href":"https:\/\/peekandpack.com\/es\/wp-json\/wp\/v2\/media\/22002"}],"wp:attachment":[{"href":"https:\/\/peekandpack.com\/es\/wp-json\/wp\/v2\/media?parent=5235"}],"wp:term":[{"taxonomy":"post_tag","embeddable":true,"href":"https:\/\/peekandpack.com\/es\/wp-json\/wp\/v2\/tags?post=5235"},{"taxonomy":"product_brand","embeddable":true,"href":"https:\/\/peekandpack.com\/es\/wp-json\/wp\/v2\/product_brand?post=5235"},{"taxonomy":"product_cat","embeddable":true,"href":"https:\/\/peekandpack.com\/es\/wp-json\/wp\/v2\/product_cat?post=5235"}],"curies":[{"name":"wp","href":"https:\/\/api.w.org\/{rel}","templated":true}]}}