{"id":5047,"date":"2016-02-29T11:29:41","date_gmt":"2016-02-29T11:36:07","guid":{"rendered":"http:\/\/peekandpack.com\/es\/?post_type=product&#038;p=5047"},"modified":"2021-01-27T16:49:35","modified_gmt":"2021-01-27T16:49:35","slug":"papel-pintado-infantil-one-fun-day-decoracion-habitacion-ninos","status":"publish","type":"product","link":"https:\/\/peekandpack.com\/es\/producto\/papel-pintado-infantil-one-fun-day-decoracion-habitacion-ninos\/","title":{"rendered":"Papel Pintado \u00abOne fun day\u00bb Pax&#038;Hart"},"content":{"rendered":"<p>Papel pintado infantil One Fun day decoraci\u00f3n habitaci\u00f3n ni\u00f1os<\/p>\n<p>Dise\u00f1ado por Emma La Battaglia ( Pax&amp;Hart) e impreso en Australia por Jimmy Cricket. El papel pintado \u00abOne fun day\u00bb es parte del proceso creativo y de colaboraci\u00f3n\u00a0entre Jimmy Cricket y \u00a0artistas e ilustradores de todo el mundo.<\/p>\n<p>El papel pintado\u00a0se imprime en papel no tejido, se caracteriza por su alta calidad y es de f\u00e1cil instalaci\u00f3n y lavable para peque\u00f1as manchas.<\/p>\n<p>El rollo consta de 4 paneles de 300cm de alto x 45cm de ancho.<\/p>\n<p>Para cubrir una pared de 180cm de ancho por 300cm de altura.<\/p>\n<p>Este producto se entrega en 2 semanas.<\/p>\n","protected":false},"excerpt":{"rendered":"<p>\u00abOne fun day\u00bb Pax&amp;Hart<\/p>\n","protected":false},"featured_media":5044,"comment_status":"open","ping_status":"closed","template":"","meta":[],"tags":[],"product_brand":[],"product_cat":[49,26,96,18],"class_list":{"0":"post-5047","1":"product","2":"type-product","3":"status-publish","4":"has-post-thumbnail","6":"product_cat-decotextiles-es","7":"product_cat-minus240","8":"product_cat-papel-pintado","9":"product_cat-peek","10":"product_shipping_class-standard-shipping-es","12":"first","13":"instock","14":"taxable","15":"shipping-taxable","16":"purchasable","17":"product-type-simple"},"_links":{"self":[{"href":"https:\/\/peekandpack.com\/es\/wp-json\/wp\/v2\/product\/5047","targetHints":{"allow":["GET"]}}],"collection":[{"href":"https:\/\/peekandpack.com\/es\/wp-json\/wp\/v2\/product"}],"about":[{"href":"https:\/\/peekandpack.com\/es\/wp-json\/wp\/v2\/types\/product"}],"replies":[{"embeddable":true,"href":"https:\/\/peekandpack.com\/es\/wp-json\/wp\/v2\/comments?post=5047"}],"wp:featuredmedia":[{"embeddable":true,"href":"https:\/\/peekandpack.com\/es\/wp-json\/wp\/v2\/media\/5044"}],"wp:attachment":[{"href":"https:\/\/peekandpack.com\/es\/wp-json\/wp\/v2\/media?parent=5047"}],"wp:term":[{"taxonomy":"post_tag","embeddable":true,"href":"https:\/\/peekandpack.com\/es\/wp-json\/wp\/v2\/tags?post=5047"},{"taxonomy":"product_brand","embeddable":true,"href":"https:\/\/peekandpack.com\/es\/wp-json\/wp\/v2\/product_brand?post=5047"},{"taxonomy":"product_cat","embeddable":true,"href":"https:\/\/peekandpack.com\/es\/wp-json\/wp\/v2\/product_cat?post=5047"}],"curies":[{"name":"wp","href":"https:\/\/api.w.org\/{rel}","templated":true}]}}