{"id":3640,"date":"2014-12-15T10:38:14","date_gmt":"2015-11-16T11:33:19","guid":{"rendered":"http:\/\/peekandpack.com\/?post_type=product&#038;p=3640"},"modified":"2016-08-25T07:55:51","modified_gmt":"2016-08-25T07:55:51","slug":"lamparas-infantiles-nube-para-decoracion-infantil","status":"publish","type":"product","link":"https:\/\/peekandpack.com\/es\/producto\/lamparas-infantiles-nube-para-decoracion-infantil\/","title":{"rendered":"L\u00e1mpara Little Cloud"},"content":{"rendered":"<p>L\u00e1mparas infantiles nube para decoraci\u00f3n infantil<\/p>\n<p>Con esta peque\u00f1a nube, creada por el grupo de artistas FriendsWithYou, desarrollan un objeto art\u00edstico y funcional, cuyo valor intr\u00ednseco est\u00e1 en el hecho de traer paz y amor a trav\u00e9s de su luz.<\/p>\n<p>Para Peek&amp;Pack es uno de nuestros PEEKs favoritos, ya que significa gran parte de nuestra filosof\u00eda. Aunar en un mismo producto arte, dise\u00f1o y funcionalidad. Siendo perfecta para la decoraci\u00f3n de las habitaciones de los m\u00e1s peque\u00f1os, o en cualquier otro ambiente.<\/p>\n<p>L\u00e1mpara de LED con dos intensidades de luz, una m\u00e1s fr\u00eda y otra m\u00e1s c\u00e1lida. Funciona mediante una bater\u00eda recargable, que la hace perfecta para los m\u00e1s peque\u00f1os, pudiendo transportarla por todas las estancias de la casa.<\/p>\n<p>Medidas:\u00a030 x 21 x 21 cm<\/p>\n","protected":false},"excerpt":{"rendered":"<p>Luz y arte van de la mano&#8230;<\/p>\n","protected":false},"featured_media":2023,"comment_status":"open","ping_status":"closed","template":"","meta":[],"tags":[],"product_brand":[],"product_cat":[50,26,18,53],"class_list":{"0":"post-3640","1":"product","2":"type-product","3":"status-publish","4":"has-post-thumbnail","6":"product_cat-lamparas-infantiles","7":"product_cat-minus240","8":"product_cat-peek","9":"product_cat-type-es","10":"product_shipping_class-standard-shipping-es","12":"first","13":"outofstock","14":"taxable","15":"shipping-taxable","16":"purchasable","17":"product-type-simple"},"_links":{"self":[{"href":"https:\/\/peekandpack.com\/es\/wp-json\/wp\/v2\/product\/3640","targetHints":{"allow":["GET"]}}],"collection":[{"href":"https:\/\/peekandpack.com\/es\/wp-json\/wp\/v2\/product"}],"about":[{"href":"https:\/\/peekandpack.com\/es\/wp-json\/wp\/v2\/types\/product"}],"replies":[{"embeddable":true,"href":"https:\/\/peekandpack.com\/es\/wp-json\/wp\/v2\/comments?post=3640"}],"wp:featuredmedia":[{"embeddable":true,"href":"https:\/\/peekandpack.com\/es\/wp-json\/wp\/v2\/media\/2023"}],"wp:attachment":[{"href":"https:\/\/peekandpack.com\/es\/wp-json\/wp\/v2\/media?parent=3640"}],"wp:term":[{"taxonomy":"post_tag","embeddable":true,"href":"https:\/\/peekandpack.com\/es\/wp-json\/wp\/v2\/tags?post=3640"},{"taxonomy":"product_brand","embeddable":true,"href":"https:\/\/peekandpack.com\/es\/wp-json\/wp\/v2\/product_brand?post=3640"},{"taxonomy":"product_cat","embeddable":true,"href":"https:\/\/peekandpack.com\/es\/wp-json\/wp\/v2\/product_cat?post=3640"}],"curies":[{"name":"wp","href":"https:\/\/api.w.org\/{rel}","templated":true}]}}