{"id":3639,"date":"2015-07-01T08:02:13","date_gmt":"2015-11-16T11:20:16","guid":{"rendered":"http:\/\/peekandpack.com\/?post_type=product&#038;p=3639"},"modified":"2022-05-23T09:43:40","modified_gmt":"2022-05-23T09:43:40","slug":"papel-pintado-infantil-mosaico-decoracion-infantil-bien-fait","status":"publish","type":"product","link":"https:\/\/peekandpack.com\/es\/producto\/papel-pintado-infantil-mosaico-decoracion-infantil-bien-fait\/","title":{"rendered":"Papel Pintado Mod. Mosaic"},"content":{"rendered":"<p>Papel pintado infantil mosaico decoraci\u00f3n infantil Bien Fait<\/p>\n<p>Incre\u00edble papel pintado dise\u00f1o de Bien Fait Par\u00eds. Los m\u00e1s exclusivos papeles ahora disponibles, bajo pedido, en Peek&amp;Pack.<\/p>\n<p>En el precio se incluye 1 rollo\u00a0 de 180cm ancho x 280 cm de altura.<\/p>\n<p>Desde Peek&amp;Pack os aconsejamos empapelar una de las paredes de la estancia, y conseguir\u00e1s profundidad y el toque de dise\u00f1o que buscabas.<\/p>\n<p>Ancho total: 180 cm x altura 280cm.<\/p>\n<p>Facil de instalar.<\/p>\n<p>Plazo de entrega: 3-4 semanas<\/p>\n","protected":false},"excerpt":{"rendered":"<p>Welcome to the wallpaper experience&#8230;<\/p>\n","protected":false},"featured_media":3184,"comment_status":"open","ping_status":"closed","template":"","meta":[],"tags":[],"product_brand":[],"product_cat":[49,27,96,18],"class_list":{"0":"post-3639","1":"product","2":"type-product","3":"status-publish","4":"has-post-thumbnail","6":"product_cat-decotextiles-es","7":"product_cat-plus250","8":"product_cat-papel-pintado","9":"product_cat-peek","10":"product_shipping_class-standard-shipping-es","12":"first","13":"instock","14":"taxable","15":"shipping-taxable","16":"purchasable","17":"product-type-simple"},"_links":{"self":[{"href":"https:\/\/peekandpack.com\/es\/wp-json\/wp\/v2\/product\/3639","targetHints":{"allow":["GET"]}}],"collection":[{"href":"https:\/\/peekandpack.com\/es\/wp-json\/wp\/v2\/product"}],"about":[{"href":"https:\/\/peekandpack.com\/es\/wp-json\/wp\/v2\/types\/product"}],"replies":[{"embeddable":true,"href":"https:\/\/peekandpack.com\/es\/wp-json\/wp\/v2\/comments?post=3639"}],"wp:featuredmedia":[{"embeddable":true,"href":"https:\/\/peekandpack.com\/es\/wp-json\/wp\/v2\/media\/3184"}],"wp:attachment":[{"href":"https:\/\/peekandpack.com\/es\/wp-json\/wp\/v2\/media?parent=3639"}],"wp:term":[{"taxonomy":"post_tag","embeddable":true,"href":"https:\/\/peekandpack.com\/es\/wp-json\/wp\/v2\/tags?post=3639"},{"taxonomy":"product_brand","embeddable":true,"href":"https:\/\/peekandpack.com\/es\/wp-json\/wp\/v2\/product_brand?post=3639"},{"taxonomy":"product_cat","embeddable":true,"href":"https:\/\/peekandpack.com\/es\/wp-json\/wp\/v2\/product_cat?post=3639"}],"curies":[{"name":"wp","href":"https:\/\/api.w.org\/{rel}","templated":true}]}}