{"id":3286,"date":"2015-10-02T21:19:00","date_gmt":"2015-10-02T21:23:02","guid":{"rendered":"http:\/\/peekandpack.com\/?post_type=product&#038;p=3286"},"modified":"2016-08-17T10:57:42","modified_gmt":"2016-08-17T10:57:42","slug":"lamparas-infantiles-de-papel-moth-para-habitacion-bebes","status":"publish","type":"product","link":"https:\/\/peekandpack.com\/es\/producto\/lamparas-infantiles-de-papel-moth-para-habitacion-bebes\/","title":{"rendered":"Moth XL L\u00e1mpara de Papel Origami"},"content":{"rendered":"<p>L\u00e1mparas infantiles de papel Moth para habitaci\u00f3n beb\u00e9s<\/p>\n<p>La L\u00e1mpara Moth, dise\u00f1o exclusivo del Studio Snowpuppe, est\u00e1 realizada en un papel s\u00faper resistente, doblado con la m\u00e1xima precisi\u00f3n.<\/p>\n<p>Cada uno de sus pliegues es un juego diferente de luz y desde Peek&amp;Pack sabemos que quedar\u00e1 perfecta no solo en espacios infantiles, sino que cualquier ambiente es perfecto para Moth (Ttraducci\u00f3n: polilla). Os recomendamos jugar a mezclar varias en diferentes colores.<br \/>\nLa luz que desprende es suave y acogedora y se deben usar \u00a0bombillas LED o de bajo consumo.<\/p>\n<p>Dimensiones:<br \/>\n-40 cm \/ 15,8 inch altura.<br \/>\n-40 cm \/ 15,8 inch di\u00e1metro.<\/p>\n<p>Cable &#8211; cuerda: amarillo (3 metros)<\/p>\n","protected":false},"excerpt":{"rendered":"<p>Paper Origami Lamp<\/p>\n","protected":false},"featured_media":3544,"comment_status":"open","ping_status":"closed","template":"","meta":[],"tags":[],"product_brand":[],"product_cat":[50,26,18],"class_list":{"0":"post-3286","1":"product","2":"type-product","3":"status-publish","4":"has-post-thumbnail","6":"product_cat-lamparas-infantiles","7":"product_cat-minus240","8":"product_cat-peek","9":"product_shipping_class-standard-shipping-es","11":"first","12":"instock","13":"taxable","14":"shipping-taxable","15":"purchasable","16":"product-type-simple"},"_links":{"self":[{"href":"https:\/\/peekandpack.com\/es\/wp-json\/wp\/v2\/product\/3286","targetHints":{"allow":["GET"]}}],"collection":[{"href":"https:\/\/peekandpack.com\/es\/wp-json\/wp\/v2\/product"}],"about":[{"href":"https:\/\/peekandpack.com\/es\/wp-json\/wp\/v2\/types\/product"}],"replies":[{"embeddable":true,"href":"https:\/\/peekandpack.com\/es\/wp-json\/wp\/v2\/comments?post=3286"}],"wp:featuredmedia":[{"embeddable":true,"href":"https:\/\/peekandpack.com\/es\/wp-json\/wp\/v2\/media\/3544"}],"wp:attachment":[{"href":"https:\/\/peekandpack.com\/es\/wp-json\/wp\/v2\/media?parent=3286"}],"wp:term":[{"taxonomy":"post_tag","embeddable":true,"href":"https:\/\/peekandpack.com\/es\/wp-json\/wp\/v2\/tags?post=3286"},{"taxonomy":"product_brand","embeddable":true,"href":"https:\/\/peekandpack.com\/es\/wp-json\/wp\/v2\/product_brand?post=3286"},{"taxonomy":"product_cat","embeddable":true,"href":"https:\/\/peekandpack.com\/es\/wp-json\/wp\/v2\/product_cat?post=3286"}],"curies":[{"name":"wp","href":"https:\/\/api.w.org\/{rel}","templated":true}]}}