{"id":29448,"date":"2026-04-07T10:58:10","date_gmt":"2026-04-07T10:58:10","guid":{"rendered":"https:\/\/peekandpack.com\/?post_type=product&#038;p=29448"},"modified":"2026-04-07T11:10:06","modified_gmt":"2026-04-07T11:10:06","slug":"papel-pintado-menagerie-bien-fait","status":"publish","type":"product","link":"https:\/\/peekandpack.com\/es\/producto\/papel-pintado-menagerie-bien-fait\/","title":{"rendered":"Papel Pintado Menagerie Bien Fait"},"content":{"rendered":"<p>Descubra un exuberante dise\u00f1o de flora y fauna con nuestro papel pintado Menagerie. Este intrincado dise\u00f1o, con ranas, monos y una gran variedad de animales, fusiona a la perfecci\u00f3n colores intensos con siluetas naturales. Su detallada composici\u00f3n inspira una sensaci\u00f3n de armon\u00eda y curiosidad, convirti\u00e9ndolo en un elemento cautivador para cualquier espacio.<\/p>\n<p>Dise\u00f1ado por Tabby Booth<br \/>\nProducto 100% no t\u00f3xico<br \/>\nGrado: 150 g\/m\u00b2<br \/>\n52 \u20ac\/m\u00b2<\/p>\n<p>Fabricante: Papel pintado hecho en Suecia<br \/>\nEntrega: 2-3 semanas<\/p>\n","protected":false},"excerpt":{"rendered":"<p>Papel Pintado Menagerie Bien Fait<\/p>\n","protected":false},"featured_media":29419,"comment_status":"closed","ping_status":"closed","template":"","meta":[],"tags":[],"product_brand":[],"product_cat":[49,98,54,25,96,18],"class_list":{"0":"post-29448","1":"product","2":"type-product","3":"status-publish","4":"has-post-thumbnail","6":"product_cat-decotextiles-es","7":"product_cat-destacado-en-la-home","8":"product_cat-featured-in-menu-es","9":"product_cat-minus90","10":"product_cat-papel-pintado","11":"product_cat-peek","12":"product_shipping_class-standard-shipping-es","14":"first","15":"instock","16":"taxable","17":"shipping-taxable","18":"purchasable","19":"product-type-variable"},"_links":{"self":[{"href":"https:\/\/peekandpack.com\/es\/wp-json\/wp\/v2\/product\/29448","targetHints":{"allow":["GET"]}}],"collection":[{"href":"https:\/\/peekandpack.com\/es\/wp-json\/wp\/v2\/product"}],"about":[{"href":"https:\/\/peekandpack.com\/es\/wp-json\/wp\/v2\/types\/product"}],"replies":[{"embeddable":true,"href":"https:\/\/peekandpack.com\/es\/wp-json\/wp\/v2\/comments?post=29448"}],"wp:featuredmedia":[{"embeddable":true,"href":"https:\/\/peekandpack.com\/es\/wp-json\/wp\/v2\/media\/29419"}],"wp:attachment":[{"href":"https:\/\/peekandpack.com\/es\/wp-json\/wp\/v2\/media?parent=29448"}],"wp:term":[{"taxonomy":"post_tag","embeddable":true,"href":"https:\/\/peekandpack.com\/es\/wp-json\/wp\/v2\/tags?post=29448"},{"taxonomy":"product_brand","embeddable":true,"href":"https:\/\/peekandpack.com\/es\/wp-json\/wp\/v2\/product_brand?post=29448"},{"taxonomy":"product_cat","embeddable":true,"href":"https:\/\/peekandpack.com\/es\/wp-json\/wp\/v2\/product_cat?post=29448"}],"curies":[{"name":"wp","href":"https:\/\/api.w.org\/{rel}","templated":true}]}}