{"id":27858,"date":"2026-01-12T15:41:52","date_gmt":"2026-01-12T15:41:52","guid":{"rendered":"https:\/\/peekandpack.com\/?post_type=product&#038;p=27858"},"modified":"2026-01-12T15:52:25","modified_gmt":"2026-01-12T15:52:25","slug":"banco-de-almacenaje-oeuf-nyc","status":"publish","type":"product","link":"https:\/\/peekandpack.com\/es\/producto\/banco-de-almacenaje-oeuf-nyc\/","title":{"rendered":"Banco de almacenaje OEUF NYC"},"content":{"rendered":"<p>Ideal banco de almacenamiento abedul, dise\u00f1o de OEUF NYC, el cual\u00a0 combina almacenamiento y asiento. Dise\u00f1ado pensando en las manitas de los m\u00e1s peque\u00f1os, sus tapas de cierre suave se detienen justo antes de cerrarse, requiriendo una suave presi\u00f3n para cerrarlas por completo y m\u00e1xima seguridad. En su interior, dos amplios compartimentos ofrecen amplio espacio para guardar juguetes, juegos, disfraces u otros art\u00edculos esenciales.<\/p>\n<p>Perfecto para la sala de juegos o la entrada, este vers\u00e1til banco es tan funcional como elegante. Como todos los muebles Oeuf, se fabrica de forma \u00e9tica y sostenible en Europa, ofreciendo una cuidada combinaci\u00f3n de calidad, durabilidad y dise\u00f1o atemporal.<br \/>\nDimensiones: Largo 122cm x 41 fondo x altura total 61cm(36cm altura del asiento)<br \/>\nPeso: 23 kg<br \/>\nMateriales: Contrachapado de abedul b\u00e1ltico. Todos los acabados son no t\u00f3xicos, a base de agua y libres de COV (compuestos org\u00e1nicos vol\u00e1tiles) peligrosos para la salud.<br \/>\nInstrucciones de montaje<br \/>\nPara limpiar, utilice un limpiador suave y un pa\u00f1o suave y h\u00famedo. Evite los limpiadores o esponjas abrasivas para mantener el acabado.<\/p>\n<p>Env\u00edos solo en Espa\u00f1a (Pen\u00ednsula), entregas 2-3 semanas. (consultar stock)<\/p>\n","protected":false},"excerpt":{"rendered":"<p>Banco almacenaje OEUF NYC<\/p>\n","protected":false},"featured_media":27853,"comment_status":"closed","ping_status":"closed","template":"","meta":[],"tags":[],"product_brand":[],"product_cat":[98,54,27,55,18,17],"class_list":{"0":"post-27858","1":"product","2":"type-product","3":"status-publish","4":"has-post-thumbnail","6":"product_cat-destacado-en-la-home","7":"product_cat-featured-in-menu-es","8":"product_cat-plus250","9":"product_cat-mobiliario-infantil","10":"product_cat-peek","11":"product_cat-currentmonth","12":"product_shipping_class-furniture-65-es","14":"first","15":"instock","16":"taxable","17":"shipping-taxable","18":"purchasable","19":"product-type-simple"},"_links":{"self":[{"href":"https:\/\/peekandpack.com\/es\/wp-json\/wp\/v2\/product\/27858","targetHints":{"allow":["GET"]}}],"collection":[{"href":"https:\/\/peekandpack.com\/es\/wp-json\/wp\/v2\/product"}],"about":[{"href":"https:\/\/peekandpack.com\/es\/wp-json\/wp\/v2\/types\/product"}],"replies":[{"embeddable":true,"href":"https:\/\/peekandpack.com\/es\/wp-json\/wp\/v2\/comments?post=27858"}],"wp:featuredmedia":[{"embeddable":true,"href":"https:\/\/peekandpack.com\/es\/wp-json\/wp\/v2\/media\/27853"}],"wp:attachment":[{"href":"https:\/\/peekandpack.com\/es\/wp-json\/wp\/v2\/media?parent=27858"}],"wp:term":[{"taxonomy":"post_tag","embeddable":true,"href":"https:\/\/peekandpack.com\/es\/wp-json\/wp\/v2\/tags?post=27858"},{"taxonomy":"product_brand","embeddable":true,"href":"https:\/\/peekandpack.com\/es\/wp-json\/wp\/v2\/product_brand?post=27858"},{"taxonomy":"product_cat","embeddable":true,"href":"https:\/\/peekandpack.com\/es\/wp-json\/wp\/v2\/product_cat?post=27858"}],"curies":[{"name":"wp","href":"https:\/\/api.w.org\/{rel}","templated":true}]}}