{"id":2751,"date":"2015-05-20T23:07:23","date_gmt":"2015-05-20T23:15:27","guid":{"rendered":"http:\/\/peekandpack.com\/?post_type=product&#038;p=2751"},"modified":"2018-06-03T09:23:25","modified_gmt":"2018-06-03T09:23:25","slug":"pegatinas-de-pared-infantil-little-king-deco-ninos-paxhart","status":"publish","type":"product","link":"https:\/\/peekandpack.com\/es\/producto\/pegatinas-de-pared-infantil-little-king-deco-ninos-paxhart\/","title":{"rendered":"Stickers Little King"},"content":{"rendered":"<p>Pegatinas de pared infantil Little King deco ni\u00f1os Pax&amp;Hart<\/p>\n<p>\u00abHola, mi nombre es Little King. Soy peque\u00f1o de tama\u00f1o, pero muy importante para la naturaleza. Adem\u00e1s, siempre estoy haciendo travesuras\u00bb.<\/p>\n<p>Un trabajo incre\u00edble, creado por Emma Labattaglia (Pax&amp;Hart).<\/p>\n<p>Pack compuesto de:<\/p>\n<p>&#8211; 20 pegatinas Conejo, \u00a0de alta calidad, varias estrellas y arcoiris.<\/p>\n<p>&#8211; Cada conejo tiene una altura de 10cm. Aprox.<\/p>\n<p>&#8211; Arco iris 5 cm de altura.<\/p>\n<p>&#8211; Estrellas 2 cm aprox.<\/p>\n<p>Este producto se puede retirar f\u00e1cilmente y nos da\u00f1a la pared.<\/p>\n","protected":false},"excerpt":{"rendered":"<p>Arte y Diversi\u00f3n<\/p>\n","protected":false},"featured_media":5038,"comment_status":"open","ping_status":"closed","template":"","meta":[],"tags":[],"product_brand":[],"product_cat":[49,25,18,53],"class_list":{"0":"post-2751","1":"product","2":"type-product","3":"status-publish","4":"has-post-thumbnail","6":"product_cat-decotextiles-es","7":"product_cat-minus90","8":"product_cat-peek","9":"product_cat-type-es","10":"product_shipping_class-standard-shipping-es","12":"first","13":"instock","14":"taxable","15":"shipping-taxable","16":"purchasable","17":"product-type-simple"},"_links":{"self":[{"href":"https:\/\/peekandpack.com\/es\/wp-json\/wp\/v2\/product\/2751","targetHints":{"allow":["GET"]}}],"collection":[{"href":"https:\/\/peekandpack.com\/es\/wp-json\/wp\/v2\/product"}],"about":[{"href":"https:\/\/peekandpack.com\/es\/wp-json\/wp\/v2\/types\/product"}],"replies":[{"embeddable":true,"href":"https:\/\/peekandpack.com\/es\/wp-json\/wp\/v2\/comments?post=2751"}],"wp:featuredmedia":[{"embeddable":true,"href":"https:\/\/peekandpack.com\/es\/wp-json\/wp\/v2\/media\/5038"}],"wp:attachment":[{"href":"https:\/\/peekandpack.com\/es\/wp-json\/wp\/v2\/media?parent=2751"}],"wp:term":[{"taxonomy":"post_tag","embeddable":true,"href":"https:\/\/peekandpack.com\/es\/wp-json\/wp\/v2\/tags?post=2751"},{"taxonomy":"product_brand","embeddable":true,"href":"https:\/\/peekandpack.com\/es\/wp-json\/wp\/v2\/product_brand?post=2751"},{"taxonomy":"product_cat","embeddable":true,"href":"https:\/\/peekandpack.com\/es\/wp-json\/wp\/v2\/product_cat?post=2751"}],"curies":[{"name":"wp","href":"https:\/\/api.w.org\/{rel}","templated":true}]}}