{"id":23280,"date":"2025-04-28T10:16:33","date_gmt":"2025-04-28T10:20:11","guid":{"rendered":"https:\/\/peekandpack.com\/?post_type=product&#038;p=23280"},"modified":"2025-04-28T10:22:03","modified_gmt":"2025-04-28T10:22:03","slug":"cuna-evolutiva-nofred","status":"publish","type":"product","link":"https:\/\/peekandpack.com\/es\/producto\/cuna-evolutiva-nofred\/","title":{"rendered":"Cuna evolutiva NOFRED"},"content":{"rendered":"<p>Cama Nofred que crece y evoluciona con tu hijo<br \/>\nLa cama para beb\u00e9s y ni\u00f1os de NOFRED sabemos que pasar\u00e1 a ser un cl\u00e1sico del dise\u00f1o dan\u00e9s,\u00a0 ofrece un dise\u00f1o moderno y funcional para las etapas de beb\u00e9 y ni\u00f1o. Esta cama crece con tu hijo gracias a su base ajustable y su funci\u00f3n extra\u00edble integrada, lo que la hace ideal.<\/p>\n<p>Soporta hasta 15 kg en la configuraci\u00f3n de base para beb\u00e9s y 80 kg en la configuraci\u00f3n para ni\u00f1os.<br \/>\nMaterial: Chapa de roble<\/p>\n<p>Seguridad: EN 716-1; ASTM F1169-19<\/p>\n<p>Cuidado: Limpiar con un pa\u00f1o limpio y h\u00famedo. Usar jab\u00f3n suave para las manchas dif\u00edciles. Evitar frotar y usar productos con amon\u00edaco.<\/p>\n<p>Edad: 0-9 a\u00f1os<\/p>\n<p>Dimensiones: Ancho 77,5 cm, Largo 126\/166 cm, Alto 87 cm<\/p>\n<p>Peso: 30 kg<\/p>\n","protected":false},"excerpt":{"rendered":"<p>Cuna evolutiva NOFRED<\/p>\n","protected":false},"featured_media":23267,"comment_status":"closed","ping_status":"closed","template":"","meta":[],"tags":[],"product_brand":[],"product_cat":[27,55,18,17],"class_list":{"0":"post-23280","1":"product","2":"type-product","3":"status-publish","4":"has-post-thumbnail","6":"product_cat-plus250","7":"product_cat-mobiliario-infantil","8":"product_cat-peek","9":"product_cat-currentmonth","10":"product_shipping_class-furniture-100-es","12":"first","13":"instock","14":"taxable","15":"shipping-taxable","16":"purchasable","17":"product-type-simple"},"_links":{"self":[{"href":"https:\/\/peekandpack.com\/es\/wp-json\/wp\/v2\/product\/23280","targetHints":{"allow":["GET"]}}],"collection":[{"href":"https:\/\/peekandpack.com\/es\/wp-json\/wp\/v2\/product"}],"about":[{"href":"https:\/\/peekandpack.com\/es\/wp-json\/wp\/v2\/types\/product"}],"replies":[{"embeddable":true,"href":"https:\/\/peekandpack.com\/es\/wp-json\/wp\/v2\/comments?post=23280"}],"wp:featuredmedia":[{"embeddable":true,"href":"https:\/\/peekandpack.com\/es\/wp-json\/wp\/v2\/media\/23267"}],"wp:attachment":[{"href":"https:\/\/peekandpack.com\/es\/wp-json\/wp\/v2\/media?parent=23280"}],"wp:term":[{"taxonomy":"post_tag","embeddable":true,"href":"https:\/\/peekandpack.com\/es\/wp-json\/wp\/v2\/tags?post=23280"},{"taxonomy":"product_brand","embeddable":true,"href":"https:\/\/peekandpack.com\/es\/wp-json\/wp\/v2\/product_brand?post=23280"},{"taxonomy":"product_cat","embeddable":true,"href":"https:\/\/peekandpack.com\/es\/wp-json\/wp\/v2\/product_cat?post=23280"}],"curies":[{"name":"wp","href":"https:\/\/api.w.org\/{rel}","templated":true}]}}