{"id":22880,"date":"2025-03-26T18:27:57","date_gmt":"2025-03-26T18:33:19","guid":{"rendered":"https:\/\/peekandpack.com\/?post_type=product&#038;p=22880"},"modified":"2025-03-26T18:35:47","modified_gmt":"2025-03-26T18:35:47","slug":"bor34-le-bordelais","status":"publish","type":"product","link":"https:\/\/peekandpack.com\/es\/producto\/bor34-le-bordelais\/","title":{"rendered":"BOR34 Le Bordelais"},"content":{"rendered":"<p>El dise\u00f1o estrella de esta colecci\u00f3n, BOR34 \u2013 Le Bordelais, es a la vez n\u00edtido y con textura fieltro. La selecci\u00f3n de colores evoca, naturalmente, los vinos y vi\u00f1edos de Le Bordelais. Estos tonos oscuros aportar\u00e1n sofisticaci\u00f3n a cualquier interior con falta de personalidad.<\/p>\n<p>Disponible en versi\u00f3n mate natural.<br \/>\nDimensiones del rollo: ancho 53 cm x largo (alto) 1000 cm.<\/p>\n<p>Hecho en Francia<\/p>\n<p>Entrega en 2-3 semanas<\/p>\n<p>&nbsp;<\/p>\n","protected":false},"excerpt":{"rendered":"<p>Colecci\u00f3n Le Bordelais<\/p>\n","protected":false},"featured_media":22877,"comment_status":"closed","ping_status":"closed","template":"","meta":[],"tags":[],"product_brand":[],"product_cat":[49,27,96,18,17],"class_list":{"0":"post-22880","1":"product","2":"type-product","3":"status-publish","4":"has-post-thumbnail","6":"product_cat-decotextiles-es","7":"product_cat-plus250","8":"product_cat-papel-pintado","9":"product_cat-peek","10":"product_cat-currentmonth","11":"product_shipping_class-envio-internacional","13":"first","14":"instock","15":"taxable","16":"shipping-taxable","17":"purchasable","18":"product-type-simple"},"_links":{"self":[{"href":"https:\/\/peekandpack.com\/es\/wp-json\/wp\/v2\/product\/22880","targetHints":{"allow":["GET"]}}],"collection":[{"href":"https:\/\/peekandpack.com\/es\/wp-json\/wp\/v2\/product"}],"about":[{"href":"https:\/\/peekandpack.com\/es\/wp-json\/wp\/v2\/types\/product"}],"replies":[{"embeddable":true,"href":"https:\/\/peekandpack.com\/es\/wp-json\/wp\/v2\/comments?post=22880"}],"wp:featuredmedia":[{"embeddable":true,"href":"https:\/\/peekandpack.com\/es\/wp-json\/wp\/v2\/media\/22877"}],"wp:attachment":[{"href":"https:\/\/peekandpack.com\/es\/wp-json\/wp\/v2\/media?parent=22880"}],"wp:term":[{"taxonomy":"post_tag","embeddable":true,"href":"https:\/\/peekandpack.com\/es\/wp-json\/wp\/v2\/tags?post=22880"},{"taxonomy":"product_brand","embeddable":true,"href":"https:\/\/peekandpack.com\/es\/wp-json\/wp\/v2\/product_brand?post=22880"},{"taxonomy":"product_cat","embeddable":true,"href":"https:\/\/peekandpack.com\/es\/wp-json\/wp\/v2\/product_cat?post=22880"}],"curies":[{"name":"wp","href":"https:\/\/api.w.org\/{rel}","templated":true}]}}