{"id":22873,"date":"2025-03-26T18:12:43","date_gmt":"2025-03-26T18:17:31","guid":{"rendered":"https:\/\/peekandpack.com\/?post_type=product&#038;p=22873"},"modified":"2025-03-26T18:18:57","modified_gmt":"2025-03-26T18:18:57","slug":"bor33-le-bordelais","status":"publish","type":"product","link":"https:\/\/peekandpack.com\/es\/producto\/bor33-le-bordelais\/","title":{"rendered":"BOR33 Le Bordelais"},"content":{"rendered":"<p>El dise\u00f1o estrella de esta colecci\u00f3n, BOR33 \u2013 Le Bordelais, es a la vez n\u00edtido y con textura de fieltro. La selecci\u00f3n de colores evoca naturalmente los vinos y vi\u00f1edos de Le Bordelais. Estos tonos oscuros aportar\u00e1n sofisticaci\u00f3n a cualquier interior con falta de personalidad.<\/p>\n<p>Versi\u00f3n mate natural.<br \/>\nRepetici\u00f3n del dise\u00f1o en cada tira.<br \/>\nAltura de la junta: 200 cm.<br \/>\nDimensiones de cada tira: ancho 53 cm x largo (alto) 300 cm.<\/p>\n<p>Hecho en Francia<\/p>\n<p>Entrega en 2 &#8211; 3 semanas<\/p>\n","protected":false},"excerpt":{"rendered":"<p>Le Bordelais Colecci\u00f3n<\/p>\n","protected":false},"featured_media":22870,"comment_status":"closed","ping_status":"closed","template":"","meta":[],"tags":[],"product_brand":[],"product_cat":[49,54,25,96,18,17],"class_list":{"0":"post-22873","1":"product","2":"type-product","3":"status-publish","4":"has-post-thumbnail","6":"product_cat-decotextiles-es","7":"product_cat-featured-in-menu-es","8":"product_cat-minus90","9":"product_cat-papel-pintado","10":"product_cat-peek","11":"product_cat-currentmonth","12":"product_shipping_class-envio-internacional","14":"first","15":"instock","16":"taxable","17":"shipping-taxable","18":"purchasable","19":"product-type-simple"},"_links":{"self":[{"href":"https:\/\/peekandpack.com\/es\/wp-json\/wp\/v2\/product\/22873","targetHints":{"allow":["GET"]}}],"collection":[{"href":"https:\/\/peekandpack.com\/es\/wp-json\/wp\/v2\/product"}],"about":[{"href":"https:\/\/peekandpack.com\/es\/wp-json\/wp\/v2\/types\/product"}],"replies":[{"embeddable":true,"href":"https:\/\/peekandpack.com\/es\/wp-json\/wp\/v2\/comments?post=22873"}],"wp:featuredmedia":[{"embeddable":true,"href":"https:\/\/peekandpack.com\/es\/wp-json\/wp\/v2\/media\/22870"}],"wp:attachment":[{"href":"https:\/\/peekandpack.com\/es\/wp-json\/wp\/v2\/media?parent=22873"}],"wp:term":[{"taxonomy":"post_tag","embeddable":true,"href":"https:\/\/peekandpack.com\/es\/wp-json\/wp\/v2\/tags?post=22873"},{"taxonomy":"product_brand","embeddable":true,"href":"https:\/\/peekandpack.com\/es\/wp-json\/wp\/v2\/product_brand?post=22873"},{"taxonomy":"product_cat","embeddable":true,"href":"https:\/\/peekandpack.com\/es\/wp-json\/wp\/v2\/product_cat?post=22873"}],"curies":[{"name":"wp","href":"https:\/\/api.w.org\/{rel}","templated":true}]}}